{"id":1863,"date":"2025-03-03T13:39:30","date_gmt":"2025-03-03T12:39:30","guid":{"rendered":"https:\/\/institutlactic.cat\/newsletter\/"},"modified":"2025-03-04T08:24:52","modified_gmt":"2025-03-04T07:24:52","slug":"newsletter","status":"publish","type":"page","link":"https:\/\/institutlactic.cat\/es\/newsletter\/","title":{"rendered":"Newsletter"},"content":{"rendered":"<div class=\"wpb-content-wrapper\"><p>[vc_section full_width=&#8221;stretch_row&#8221; css=&#8221;.vc_custom_1741072769623{background-image: url(https:\/\/institutlactic.cat\/wp-content\/uploads\/2025\/03\/Foto_Newsletter-1-scaled.jpeg?id=1852) !important;background-position: center !important;background-repeat: no-repeat !important;background-size: cover !important;}&#8221;][vc_row][vc_column][vc_empty_space height=&#8221;200px&#8221;][vc_empty_space height=&#8221;300px&#8221; el_class=&#8221;vc_hidden-xs&#8221;][\/vc_column][\/vc_row][\/vc_section][vc_section el_class=&#8221;pagina-newsletter&#8221;][vc_row][vc_column][vc_empty_space height=&#8221;50px&#8221; el_class=&#8221;vc_hidden-xs&#8221;][vc_column_text css=&#8221;&#8221;]<\/p>\n<h2>Newsletter<\/h2>\n<p>[\/vc_column_text][vc_column_text css=&#8221;&#8221;]<\/p>\n<p class=\"v1MsoNormal\"><span lang=\"CA\">Descubre la newsletter del Institut L\u00e0ctic de Catalunya<\/span><\/p>\n<p class=\"v1MsoNormal\"><span lang=\"CA\">Suscr\u00edbete a nuestra newsletter y mantente al d\u00eda de las \u00faltimas tendencias, innovaciones y novedades del sector l\u00e1cteo. En cada edici\u00f3n, compartimos conocimiento especializado, art\u00edculos de inter\u00e9s e informaci\u00f3n sobre eventos y formaciones.<\/span><\/p>\n<p class=\"v1MsoNormal\"><span lang=\"CA\">\u00danete a nuestra comunidad y forma parte de un espacio de referencia para profesionales y amantes del sector l\u00e1cteo.<\/span><\/p>\n<p>[\/vc_column_text]<style id=\"wpforms-css-vars-1855\">\n\t\t\t\t#wpforms-1855 {\n\t\t\t\t\n\t\t\t}\n\t\t\t<\/style><div class=\"wpforms-container wpforms-container-full form-newslettter-ft wpforms-render-modern\" id=\"wpforms-1855\"><form id=\"wpforms-form-1855\" class=\"wpforms-validate wpforms-form wpforms-ajax-form\" data-formid=\"1855\" method=\"post\" enctype=\"multipart\/form-data\" action=\"\/es\/wp-json\/wp\/v2\/pages\/1863\" data-token=\"4866610449a52dd93861f1584bd843b8\" data-token-time=\"1777656135\"><noscript class=\"wpforms-error-noscript\">Por favor, activa JavaScript en tu navegador para completar este formulario.<\/noscript><div id=\"wpforms-error-noscript\" style=\"display: none;\">Por favor, activa JavaScript en tu navegador para completar este formulario.<\/div><div class=\"wpforms-field-container\">\t\t<div id=\"wpforms-1855-field_3-container\"\n\t\t\tclass=\"wpforms-field wpforms-field-text\"\n\t\t\tdata-field-type=\"text\"\n\t\t\tdata-field-id=\"3\"\n\t\t\t>\n\t\t\t<label class=\"wpforms-field-label\" for=\"wpforms-1855-field_3\" >de selecci\u00f3 electr\u00f3nico<\/label>\n\t\t\t<input type=\"text\" id=\"wpforms-1855-field_3\" class=\"wpforms-field-medium\" name=\"wpforms[fields][3]\" >\n\t\t<\/div>\n\t\t<div id=\"wpforms-1855-field_1-container\" class=\"wpforms-field wpforms-field-email\" data-field-id=\"1\"><label class=\"wpforms-field-label wpforms-label-hide\" for=\"wpforms-1855-field_1\" aria-hidden=\"false\">Correo electr\u00f3nico <span class=\"wpforms-required-label\" aria-hidden=\"true\">*<\/span><\/label><input type=\"email\" id=\"wpforms-1855-field_1\" class=\"wpforms-field-large wpforms-field-required\" name=\"wpforms[fields][1]\" placeholder=\"Escribe tu correo electr\u00f3nico\" spellcheck=\"false\" aria-errormessage=\"wpforms-1855-field_1-error\" required><\/div><div id=\"wpforms-1855-field_2-container\" class=\"wpforms-field wpforms-field-checkbox\" data-field-id=\"2\"><fieldset><legend class=\"wpforms-field-label wpforms-label-hide\" aria-hidden=\"false\">Caselles de selecci\u00f3 <span class=\"wpforms-required-label\" aria-hidden=\"true\">*<\/span><\/legend><ul id=\"wpforms-1855-field_2\" class=\"wpforms-field-required\"><li class=\"choice-1 depth-1\"><input type=\"checkbox\" id=\"wpforms-1855-field_2_1\" name=\"wpforms[fields][2][]\" value=\"Acepto la &lt;a href=&quot;https:\/\/institutlactic.cat\/es\/politica-privacidad\/&quot; target=&quot;_blank&quot;&gt;Pol\u00edtica de Privacidad&lt;\/a&gt; *\" aria-errormessage=\"wpforms-1855-field_2_1-error\" required ><label class=\"wpforms-field-label-inline\" for=\"wpforms-1855-field_2_1\">Acepto la <a href=\"https:\/\/institutlactic.cat\/es\/politica-privacidad\/\" target=\"_blank\">Pol\u00edtica de Privacidad<\/a> *<\/label><\/li><\/ul><\/fieldset><\/div><script>\n\t\t\t\t( function() {\n\t\t\t\t\tconst style = document.createElement( 'style' );\n\t\t\t\t\tstyle.appendChild( document.createTextNode( '#wpforms-1855-field_3-container { position: absolute !important; overflow: hidden !important; display: inline !important; height: 1px !important; width: 1px !important; z-index: -1000 !important; padding: 0 !important; } #wpforms-1855-field_3-container input { visibility: hidden; } #wpforms-conversational-form-page #wpforms-1855-field_3-container label { counter-increment: none; }' ) );\n\t\t\t\t\tdocument.head.appendChild( style );\n\t\t\t\t\tdocument.currentScript?.remove();\n\t\t\t\t} )();\n\t\t\t<\/script><\/div><!-- .wpforms-field-container --><div class=\"wpforms-recaptcha-container wpforms-is-recaptcha wpforms-is-recaptcha-type-v3\" ><input type=\"hidden\" name=\"wpforms[recaptcha]\" value=\"\"><\/div><div class=\"wpforms-submit-container\" ><input type=\"hidden\" name=\"wpforms[id]\" value=\"1855\"><input type=\"hidden\" name=\"page_title\" value=\"\"><input type=\"hidden\" name=\"page_url\" value=\"https:\/\/institutlactic.cat\/es\/wp-json\/wp\/v2\/pages\/1863\"><input type=\"hidden\" name=\"url_referer\" value=\"\"><button type=\"submit\" name=\"wpforms[submit]\" id=\"wpforms-submit-1855\" class=\"wpforms-submit btn-newslettter-ft\" data-alt-text=\"Enviando...\" data-submit-text=\"\u00a1Suscr\u00edbete ahora!\" aria-live=\"assertive\" value=\"wpforms-submit\">\u00a1Suscr\u00edbete ahora!<\/button><img loading=\"lazy\" decoding=\"async\" src=\"https:\/\/institutlactic.cat\/wp-content\/plugins\/wpforms\/assets\/images\/submit-spin.svg\" class=\"wpforms-submit-spinner\" style=\"display: none;\" width=\"26\" height=\"26\" alt=\"Cargando\"><\/div><\/form><\/div>  <!-- .wpforms-container -->[\/vc_column][\/vc_row][\/vc_section]<\/p>\n<\/div>","protected":false},"excerpt":{"rendered":"<p>[vc_section full_width=&#8221;stretch_row&#8221; css=&#8221;.vc_custom_1741072769623{background-image: url(https:\/\/institutlactic.cat\/wp-content\/uploads\/2025\/03\/Foto_Newsletter-1-scaled.jpeg?id=1852) !important;background-position: center !important;background-repeat: no-repeat !important;background-size: cover !important;}&#8221;][vc_row][vc_column][vc_empty_space height=&#8221;200px&#8221;][vc_empty_space height=&#8221;300px&#8221; el_class=&#8221;vc_hidden-xs&#8221;][\/vc_column][\/vc_row][\/vc_section][vc_section el_class=&#8221;pagina-newsletter&#8221;][vc_row][vc_column][vc_empty_space height=&#8221;50px&#8221; el_class=&#8221;vc_hidden-xs&#8221;][vc_column_text css=&#8221;&#8221;] Newsletter [\/vc_column_text][vc_column_text css=&#8221;&#8221;] Descubre la newsletter del Institut L\u00e0ctic de Catalunya Suscr\u00edbete a nuestra newsletter y mantente al d\u00eda de las \u00faltimas tendencias, innovaciones y novedades del sector l\u00e1cteo. En cada edici\u00f3n, compartimos conocimiento especializado, art\u00edculos de &#8230; <a title=\"Newsletter\" class=\"read-more\" href=\"https:\/\/institutlactic.cat\/es\/newsletter\/\" aria-label=\"Leer m\u00e1s sobre Newsletter\">+<\/a><\/p>\n","protected":false},"author":4,"featured_media":0,"parent":0,"menu_order":0,"comment_status":"closed","ping_status":"closed","template":"","meta":{"_acf_changed":false,"inline_featured_image":false,"footnotes":""},"class_list":["post-1863","page","type-page","status-publish"],"acf":[],"yoast_head":"<!-- This site is optimized with the Yoast SEO plugin v26.2 - https:\/\/yoast.com\/wordpress\/plugins\/seo\/ -->\n<title>Newsletter - Institut L\u00e0ctic de Catalunya<\/title>\n<meta name=\"robots\" content=\"index, follow, max-snippet:-1, max-image-preview:large, max-video-preview:-1\" \/>\n<link rel=\"canonical\" href=\"https:\/\/institutlactic.cat\/es\/newsletter\/\" \/>\n<meta property=\"og:locale\" content=\"es_ES\" \/>\n<meta property=\"og:type\" content=\"article\" \/>\n<meta property=\"og:title\" content=\"Newsletter - Institut L\u00e0ctic de Catalunya\" \/>\n<meta property=\"og:description\" content=\"[vc_section full_width=&#8221;stretch_row&#8221; css=&#8221;.vc_custom_1741072769623{background-image: url(https:\/\/institutlactic.cat\/wp-content\/uploads\/2025\/03\/Foto_Newsletter-1-scaled.jpeg?id=1852) !important;background-position: center !important;background-repeat: no-repeat !important;background-size: cover !important;}&#8221;][vc_row][vc_column][vc_empty_space height=&#8221;200px&#8221;][vc_empty_space height=&#8221;300px&#8221; el_class=&#8221;vc_hidden-xs&#8221;][\/vc_column][\/vc_row][\/vc_section][vc_section el_class=&#8221;pagina-newsletter&#8221;][vc_row][vc_column][vc_empty_space height=&#8221;50px&#8221; el_class=&#8221;vc_hidden-xs&#8221;][vc_column_text css=&#8221;&#8221;] Newsletter [\/vc_column_text][vc_column_text css=&#8221;&#8221;] Descubre la newsletter del Institut L\u00e0ctic de Catalunya Suscr\u00edbete a nuestra newsletter y mantente al d\u00eda de las \u00faltimas tendencias, innovaciones y novedades del sector l\u00e1cteo. En cada edici\u00f3n, compartimos conocimiento especializado, art\u00edculos de ... +\" \/>\n<meta property=\"og:url\" content=\"https:\/\/institutlactic.cat\/es\/newsletter\/\" \/>\n<meta property=\"og:site_name\" content=\"Institut L\u00e0ctic de Catalunya\" \/>\n<meta property=\"article:publisher\" content=\"https:\/\/www.facebook.com\/people\/Institut-Lctic-de-Catalunya\/61563448507280\/\" \/>\n<meta property=\"article:modified_time\" content=\"2025-03-04T07:24:52+00:00\" \/>\n<meta name=\"twitter:card\" content=\"summary_large_image\" \/>\n<meta name=\"twitter:site\" content=\"@institutlactic\" \/>\n<meta name=\"twitter:label1\" content=\"Tiempo de lectura\" \/>\n\t<meta name=\"twitter:data1\" content=\"1 minuto\" \/>\n<script type=\"application\/ld+json\" class=\"yoast-schema-graph\">{\"@context\":\"https:\/\/schema.org\",\"@graph\":[{\"@type\":\"WebPage\",\"@id\":\"https:\/\/institutlactic.cat\/es\/newsletter\/\",\"url\":\"https:\/\/institutlactic.cat\/es\/newsletter\/\",\"name\":\"Newsletter - Institut L\u00e0ctic de Catalunya\",\"isPartOf\":{\"@id\":\"https:\/\/institutlactic.cat\/es\/#website\"},\"datePublished\":\"2025-03-03T12:39:30+00:00\",\"dateModified\":\"2025-03-04T07:24:52+00:00\",\"breadcrumb\":{\"@id\":\"https:\/\/institutlactic.cat\/es\/newsletter\/#breadcrumb\"},\"inLanguage\":\"es\",\"potentialAction\":[{\"@type\":\"ReadAction\",\"target\":[\"https:\/\/institutlactic.cat\/es\/newsletter\/\"]}]},{\"@type\":\"BreadcrumbList\",\"@id\":\"https:\/\/institutlactic.cat\/es\/newsletter\/#breadcrumb\",\"itemListElement\":[{\"@type\":\"ListItem\",\"position\":1,\"name\":\"Portada\",\"item\":\"https:\/\/institutlactic.cat\/es\/\"},{\"@type\":\"ListItem\",\"position\":2,\"name\":\"Newsletter\"}]},{\"@type\":\"WebSite\",\"@id\":\"https:\/\/institutlactic.cat\/es\/#website\",\"url\":\"https:\/\/institutlactic.cat\/es\/\",\"name\":\"Institut L\u00e0ctic de Catalunya\",\"description\":\"\u201cLa cultura l\u00e0ctica de casa nostra\u201d\",\"publisher\":{\"@id\":\"https:\/\/institutlactic.cat\/es\/#organization\"},\"alternateName\":\"Institut L\u00e0ctic de Catalunya\",\"potentialAction\":[{\"@type\":\"SearchAction\",\"target\":{\"@type\":\"EntryPoint\",\"urlTemplate\":\"https:\/\/institutlactic.cat\/es\/?s={search_term_string}\"},\"query-input\":{\"@type\":\"PropertyValueSpecification\",\"valueRequired\":true,\"valueName\":\"search_term_string\"}}],\"inLanguage\":\"es\"},{\"@type\":\"Organization\",\"@id\":\"https:\/\/institutlactic.cat\/es\/#organization\",\"name\":\"Institut L\u00e0ctic de Catalunya\",\"alternateName\":\"Institut L\u00e0ctic de Catalunya\",\"url\":\"https:\/\/institutlactic.cat\/es\/\",\"logo\":{\"@type\":\"ImageObject\",\"inLanguage\":\"es\",\"@id\":\"https:\/\/institutlactic.cat\/es\/#\/schema\/logo\/image\/\",\"url\":\"https:\/\/institutlactic.cat\/wp-content\/uploads\/2024\/10\/Logo-Institut-Lactic-de-Catalunya-shadow.png\",\"contentUrl\":\"https:\/\/institutlactic.cat\/wp-content\/uploads\/2024\/10\/Logo-Institut-Lactic-de-Catalunya-shadow.png\",\"width\":590,\"height\":590,\"caption\":\"Institut L\u00e0ctic de Catalunya\"},\"image\":{\"@id\":\"https:\/\/institutlactic.cat\/es\/#\/schema\/logo\/image\/\"},\"sameAs\":[\"https:\/\/www.facebook.com\/people\/Institut-Lctic-de-Catalunya\/61563448507280\/\",\"https:\/\/x.com\/institutlactic\",\"https:\/\/www.instagram.com\/institutlactic\/\",\"https:\/\/www.linkedin.com\/company\/102287790\/admin\/dashboard\/\",\"https:\/\/www.tiktok.com\/@institutlactic?_t=8qMvYBGolHs&_r=1\",\"https:\/\/www.youtube.com\/@InstitutLctic\"]}]}<\/script>\n<!-- \/ Yoast SEO plugin. -->","yoast_head_json":{"title":"Newsletter - Institut L\u00e0ctic de Catalunya","robots":{"index":"index","follow":"follow","max-snippet":"max-snippet:-1","max-image-preview":"max-image-preview:large","max-video-preview":"max-video-preview:-1"},"canonical":"https:\/\/institutlactic.cat\/es\/newsletter\/","og_locale":"es_ES","og_type":"article","og_title":"Newsletter - Institut L\u00e0ctic de Catalunya","og_description":"[vc_section full_width=&#8221;stretch_row&#8221; css=&#8221;.vc_custom_1741072769623{background-image: url(https:\/\/institutlactic.cat\/wp-content\/uploads\/2025\/03\/Foto_Newsletter-1-scaled.jpeg?id=1852) !important;background-position: center !important;background-repeat: no-repeat !important;background-size: cover !important;}&#8221;][vc_row][vc_column][vc_empty_space height=&#8221;200px&#8221;][vc_empty_space height=&#8221;300px&#8221; el_class=&#8221;vc_hidden-xs&#8221;][\/vc_column][\/vc_row][\/vc_section][vc_section el_class=&#8221;pagina-newsletter&#8221;][vc_row][vc_column][vc_empty_space height=&#8221;50px&#8221; el_class=&#8221;vc_hidden-xs&#8221;][vc_column_text css=&#8221;&#8221;] Newsletter [\/vc_column_text][vc_column_text css=&#8221;&#8221;] Descubre la newsletter del Institut L\u00e0ctic de Catalunya Suscr\u00edbete a nuestra newsletter y mantente al d\u00eda de las \u00faltimas tendencias, innovaciones y novedades del sector l\u00e1cteo. En cada edici\u00f3n, compartimos conocimiento especializado, art\u00edculos de ... +","og_url":"https:\/\/institutlactic.cat\/es\/newsletter\/","og_site_name":"Institut L\u00e0ctic de Catalunya","article_publisher":"https:\/\/www.facebook.com\/people\/Institut-Lctic-de-Catalunya\/61563448507280\/","article_modified_time":"2025-03-04T07:24:52+00:00","twitter_card":"summary_large_image","twitter_site":"@institutlactic","twitter_misc":{"Tiempo de lectura":"1 minuto"},"schema":{"@context":"https:\/\/schema.org","@graph":[{"@type":"WebPage","@id":"https:\/\/institutlactic.cat\/es\/newsletter\/","url":"https:\/\/institutlactic.cat\/es\/newsletter\/","name":"Newsletter - Institut L\u00e0ctic de Catalunya","isPartOf":{"@id":"https:\/\/institutlactic.cat\/es\/#website"},"datePublished":"2025-03-03T12:39:30+00:00","dateModified":"2025-03-04T07:24:52+00:00","breadcrumb":{"@id":"https:\/\/institutlactic.cat\/es\/newsletter\/#breadcrumb"},"inLanguage":"es","potentialAction":[{"@type":"ReadAction","target":["https:\/\/institutlactic.cat\/es\/newsletter\/"]}]},{"@type":"BreadcrumbList","@id":"https:\/\/institutlactic.cat\/es\/newsletter\/#breadcrumb","itemListElement":[{"@type":"ListItem","position":1,"name":"Portada","item":"https:\/\/institutlactic.cat\/es\/"},{"@type":"ListItem","position":2,"name":"Newsletter"}]},{"@type":"WebSite","@id":"https:\/\/institutlactic.cat\/es\/#website","url":"https:\/\/institutlactic.cat\/es\/","name":"Institut L\u00e0ctic de Catalunya","description":"\u201cLa cultura l\u00e0ctica de casa nostra\u201d","publisher":{"@id":"https:\/\/institutlactic.cat\/es\/#organization"},"alternateName":"Institut L\u00e0ctic de Catalunya","potentialAction":[{"@type":"SearchAction","target":{"@type":"EntryPoint","urlTemplate":"https:\/\/institutlactic.cat\/es\/?s={search_term_string}"},"query-input":{"@type":"PropertyValueSpecification","valueRequired":true,"valueName":"search_term_string"}}],"inLanguage":"es"},{"@type":"Organization","@id":"https:\/\/institutlactic.cat\/es\/#organization","name":"Institut L\u00e0ctic de Catalunya","alternateName":"Institut L\u00e0ctic de Catalunya","url":"https:\/\/institutlactic.cat\/es\/","logo":{"@type":"ImageObject","inLanguage":"es","@id":"https:\/\/institutlactic.cat\/es\/#\/schema\/logo\/image\/","url":"https:\/\/institutlactic.cat\/wp-content\/uploads\/2024\/10\/Logo-Institut-Lactic-de-Catalunya-shadow.png","contentUrl":"https:\/\/institutlactic.cat\/wp-content\/uploads\/2024\/10\/Logo-Institut-Lactic-de-Catalunya-shadow.png","width":590,"height":590,"caption":"Institut L\u00e0ctic de Catalunya"},"image":{"@id":"https:\/\/institutlactic.cat\/es\/#\/schema\/logo\/image\/"},"sameAs":["https:\/\/www.facebook.com\/people\/Institut-Lctic-de-Catalunya\/61563448507280\/","https:\/\/x.com\/institutlactic","https:\/\/www.instagram.com\/institutlactic\/","https:\/\/www.linkedin.com\/company\/102287790\/admin\/dashboard\/","https:\/\/www.tiktok.com\/@institutlactic?_t=8qMvYBGolHs&_r=1","https:\/\/www.youtube.com\/@InstitutLctic"]}]}},"_links":{"self":[{"href":"https:\/\/institutlactic.cat\/es\/wp-json\/wp\/v2\/pages\/1863","targetHints":{"allow":["GET"]}}],"collection":[{"href":"https:\/\/institutlactic.cat\/es\/wp-json\/wp\/v2\/pages"}],"about":[{"href":"https:\/\/institutlactic.cat\/es\/wp-json\/wp\/v2\/types\/page"}],"author":[{"embeddable":true,"href":"https:\/\/institutlactic.cat\/es\/wp-json\/wp\/v2\/users\/4"}],"replies":[{"embeddable":true,"href":"https:\/\/institutlactic.cat\/es\/wp-json\/wp\/v2\/comments?post=1863"}],"version-history":[{"count":1,"href":"https:\/\/institutlactic.cat\/es\/wp-json\/wp\/v2\/pages\/1863\/revisions"}],"predecessor-version":[{"id":1864,"href":"https:\/\/institutlactic.cat\/es\/wp-json\/wp\/v2\/pages\/1863\/revisions\/1864"}],"wp:attachment":[{"href":"https:\/\/institutlactic.cat\/es\/wp-json\/wp\/v2\/media?parent=1863"}],"curies":[{"name":"wp","href":"https:\/\/api.w.org\/{rel}","templated":true}]}}