{"id":1207,"date":"2024-06-19T13:01:20","date_gmt":"2024-06-19T12:01:20","guid":{"rendered":"https:\/\/institutlactic.cat\/inici\/"},"modified":"2024-11-21T14:13:13","modified_gmt":"2024-11-21T13:13:13","slug":"inici","status":"publish","type":"page","link":"https:\/\/institutlactic.cat\/es\/","title":{"rendered":"Inicio"},"content":{"rendered":"<div class=\"wpb-content-wrapper\"><p>[vc_section full_width=&#8221;stretch_row_content&#8221;][vc_row full_width=&#8221;stretch_row_content_no_spaces&#8221;][vc_column]\n\t\t\t\t<p class=\"rs-p-wp-fix\"><\/p>\n\t\t\t\t<sr7-module data-alias=\"Slider-Inici-ESP\" data-id=\"6\" id=\"SR7_6_1\" class=\"rs-ov-hidden\" data-version=\"6.7.38\">\n\t\t\t\t\t<sr7-adjuster><\/sr7-adjuster>\n\t\t\t\t\t<sr7-content>\n\t\t\t\t\t\t<sr7-slide id=\"SR7_6_1-21\" data-key=\"21\">\n\t\t\t\t\t\t\t<sr7-txt id=\"SR7_6_1-21-5\" class=\"sr7-layer\"><i class=\"material-icons\">music_off<\/i><\/sr7-txt>\n\t\t\t\t\t\t\t<sr7-txt id=\"SR7_6_1-21-6\" class=\"sr7-layer\"><i class=\"fa-pause\"><\/i><\/sr7-txt>\n\t\t\t\t\t\t<\/sr7-slide>\n\t\t\t\t\t\t<sr7-slide id=\"SR7_6_1-22\" data-key=\"22\">\n\t\t\t\t\t\t<\/sr7-slide>\n\t\t\t\t\t<\/sr7-content>\n\t\t\t\t\t<image_lists style=\"display:none\">\n\t\t\t\t\t\t<img data-src=\"\/\/institutlactic.cat\/wp-content\/uploads\/2025\/04\/Banner_menus_web_es-scaled.png\" data-libid=\"2084\" data-lib=\"medialibrary\" title=\"Banner_menus_web_es\" width=\"0\" height=\"0\" data-dbsrc=\"Ly9pbnN0aXR1dGxhY3RpYy5jYXQvd3AtY29udGVudC91cGxvYWRzLzIwMjUvMDQvQmFubmVyX21lbnVzX3dlYl9lcy1zY2FsZWQucG5n\"\/>\n\t\t\t\t\t\t<img data-src=\"\/\/institutlactic.cat\/wp-content\/uploads\/2025\/03\/Destacada_Convo-Hackatho-Gastrolactica-1-1-scaled.jpg\" data-libid=\"1906\" data-lib=\"medialibrary\" title=\"Destacada_Convo Hackath\u00f3 Gastrol\u00e0ctica (1)\" width=\"0\" height=\"0\" data-dbsrc=\"Ly9pbnN0aXR1dGxhY3RpYy5jYXQvd3AtY29udGVudC91cGxvYWRzLzIwMjUvMDMvRGVzdGFjYWRhX0NvbnZvLUhhY2thdGhvLUdhc3Ryb2xhY3RpY2EtMS0xLXNjYWxlZC5qcGc=\"\/>\n\t\t\t\t\t<\/image_lists>\n\t\t\t\t<\/sr7-module>\n\t\t\t\t<script>\n\t\t\t\t\tSR7.PMH ??={}; SR7.PMH[\"SR7_6_1\"] = {cn:100,state:false,fn: function() { if (_tpt!==undefined && _tpt.prepareModuleHeight !== undefined) {  _tpt.prepareModuleHeight({id:\"SR7_6_1\",el:[697,697,768,960,269],type:'standard',shdw:'0',gh:[697,697,576,438,270],gw:[1240,1240,1024,778,480],vpt:['-100px'],size:{fullWidth:true, fullHeight:false},mh:'0',onh:0,onw:0,bg:{color:'{\"orig\":\"transparent\",\"type\":\"solid\",\"string\":\"transparent\"}'},plType:'3',plColor:'#d6c6b4'});   SR7.PMH[\"SR7_6_1\"].state=true;} else if(SR7.PMH[\"SR7_6_1\"].cn-->0)\tsetTimeout( SR7.PMH[\"SR7_6_1\"].fn,19);}};SR7.PMH[\"SR7_6_1\" ].fn();\n\t\t\t\t<\/script>\n[\/vc_column][\/vc_row][\/vc_section][vc_section full_width=&#8221;stretch_row&#8221; el_class=&#8221;bg-accent-2&#8243;][vc_row][vc_column][vc_empty_space height=&#8221;100px&#8221;][vc_column_text css=&#8221;&#8221;]<\/p>\n<h3 style=\"text-align: center;\">El sector l\u00e1cteo catal\u00e1n<br \/>\nes estrat\u00e9gico para el territorio<\/h3>\n<p>[\/vc_column_text][\/vc_column][\/vc_row][vc_row][vc_column][vc_column_text css=&#8221;&#8221; el_class=&#8221;txt-main&#8221;]Gracias a la cultura de a\u00f1os y al esfuerzo de todos los eslabones (<strong>producci\u00f3n<\/strong>, <strong>transformaci\u00f3n<\/strong> y <strong>distribuci\u00f3n<\/strong>), cada vez m\u00e1s <strong>profesionalizados<\/strong> e <strong>internacionalizados<\/strong>, el sector l\u00e1cteo lidera todo tipo de proyectos basados en la innovaci\u00f3n y la sostenibilidad, para conseguir la m\u00e1xima <strong>calidad<\/strong> de la leche y los l\u00e1cteos de nuestro pa\u00eds, velando por el <strong>bienestar animal<\/strong>, el <strong>medio ambiente<\/strong> y la <strong>salud de las personas<\/strong> a trav\u00e9s de la alimentaci\u00f3n y el <strong>compromiso social<\/strong>. El l\u00e1cteo de Catalu\u00f1a, s\u00edmbolo de <strong>identidad<\/strong>, quiere compartir con la sociedad toda su <strong>tradici\u00f3n<\/strong> y capacidad de <strong>innovaci\u00f3n<\/strong>.[\/vc_column_text][vc_column_text css=&#8221;&#8221; el_class=&#8221;btn-main btn-accent btn-center&#8221;]<a href=\"https:\/\/institutlactic.cat\/es\/instituto\/\">Saber m\u00e1s<\/a>[\/vc_column_text][vc_empty_space height=&#8221;65px&#8221;][\/vc_column][\/vc_row][\/vc_section][vc_section][vc_row][vc_column][vc_empty_space height=&#8221;100px&#8221;][\/vc_column][\/vc_row][vc_row equal_height=&#8221;yes&#8221; content_placement=&#8221;middle&#8221;][vc_column width=&#8221;1\/2&#8243;][vc_column_text css=&#8221;&#8221;]<\/p>\n<h2>Somos Cultura L\u00e1ctea<\/h2>\n<p>[\/vc_column_text][vc_column_text css=&#8221;&#8221;]Ponemos en valor el patrimonio de los l\u00e1cteos catalanes y de su tejido agroalimentario, y una cocina basada en productos de calidad y proximidad.[\/vc_column_text][vc_column_text css=&#8221;&#8221; el_class=&#8221;btn-big&#8221;]<a href=\"https:\/\/institutlactic.cat\/es\/cultura-lactica\/#gastronomia\" rel=\"noopener\">Gastronom\u00eda<\/a>[\/vc_column_text][vc_column_text css=&#8221;&#8221; el_class=&#8221;btn-big&#8221;]<a href=\"https:\/\/institutlactic.cat\/es\/cultura-lactica\/#experiencies\" rel=\"noopener\">Experiencias<\/a>[\/vc_column_text][vc_column_text css=&#8221;&#8221; el_class=&#8221;btn-big&#8221;]<a href=\"https:\/\/institutlactic.cat\/es\/cultura-lactica\/#lacticpedia\" rel=\"noopener\">Biblioteca virtual<\/a>[\/vc_column_text][\/vc_column][vc_column width=&#8221;1\/2&#8243;]<div class=\"ult-content-box-container box-cards-cult\" >\t\t<div class=\"ult-content-box\" style=\"box-shadow: px px px px none;-webkit-transition: all 700ms ease;-moz-transition: all 700ms ease;-ms-transition: all 700ms ease;-o-transition: all 700ms ease;transition: all 700ms ease;\"  data-hover_box_shadow=\"none\"    >[vc_single_image image=&#8221;162&#8243; img_size=&#8221;full&#8221; onclick=&#8221;custom_link&#8221; css=&#8221;&#8221; el_class=&#8221;foto-home-cultura&#8221; link=&#8221;https:\/\/institutlactic.cat\/cultura-lactica\/&#8221;][vc_single_image image=&#8221;155&#8243; img_size=&#8221;full&#8221; onclick=&#8221;custom_link&#8221; css=&#8221;&#8221; el_class=&#8221;foto-home-cultura&#8221; link=&#8221;https:\/\/institutlactic.cat\/cultura-lactica\/&#8221;][vc_single_image image=&#8221;163&#8243; img_size=&#8221;full&#8221; onclick=&#8221;custom_link&#8221; css=&#8221;&#8221; el_class=&#8221;foto-home-cultura&#8221; link=&#8221;https:\/\/institutlactic.cat\/cultura-lactica\/&#8221;][vc_single_image image=&#8221;154&#8243; img_size=&#8221;full&#8221; onclick=&#8221;custom_link&#8221; css=&#8221;&#8221; el_class=&#8221;foto-home-cultura&#8221; link=&#8221;https:\/\/institutlactic.cat\/cultura-lactica\/&#8221;][vc_single_image image=&#8221;158&#8243; img_size=&#8221;full&#8221; onclick=&#8221;custom_link&#8221; css=&#8221;&#8221; el_class=&#8221;foto-home-cultura&#8221; link=&#8221;https:\/\/institutlactic.cat\/cultura-lactica\/&#8221;][vc_single_image image=&#8221;156&#8243; img_size=&#8221;full&#8221; onclick=&#8221;custom_link&#8221; css=&#8221;&#8221; el_class=&#8221;foto-home-cultura&#8221; link=&#8221;https:\/\/institutlactic.cat\/cultura-lactica\/&#8221;][vc_single_image image=&#8221;159&#8243; img_size=&#8221;full&#8221; onclick=&#8221;custom_link&#8221; css=&#8221;&#8221; el_class=&#8221;foto-home-cultura&#8221; link=&#8221;https:\/\/institutlactic.cat\/cultura-lactica\/&#8221;][vc_single_image image=&#8221;160&#8243; img_size=&#8221;full&#8221; onclick=&#8221;custom_link&#8221; css=&#8221;&#8221; el_class=&#8221;foto-home-cultura&#8221; link=&#8221;https:\/\/institutlactic.cat\/cultura-lactica\/&#8221;][vc_single_image image=&#8221;161&#8243; img_size=&#8221;full&#8221; onclick=&#8221;custom_link&#8221; css=&#8221;&#8221; el_class=&#8221;foto-home-cultura&#8221; link=&#8221;https:\/\/institutlactic.cat\/cultura-lactica\/&#8221;][vc_single_image image=&#8221;157&#8243; img_size=&#8221;full&#8221; onclick=&#8221;custom_link&#8221; css=&#8221;&#8221; el_class=&#8221;foto-home-cultura&#8221; link=&#8221;https:\/\/institutlactic.cat\/cultura-lactica\/&#8221;][vc_single_image image=&#8221;153&#8243; img_size=&#8221;full&#8221; onclick=&#8221;custom_link&#8221; css=&#8221;&#8221; el_class=&#8221;foto-home-cultura&#8221; link=&#8221;https:\/\/institutlactic.cat\/cultura-lactica\/&#8221;][vc_single_image image=&#8221;164&#8243; img_size=&#8221;full&#8221; onclick=&#8221;custom_link&#8221; css=&#8221;&#8221; el_class=&#8221;foto-home-cultura&#8221; link=&#8221;https:\/\/institutlactic.cat\/cultura-lactica\/&#8221;]\t\t<\/div><\/div>[\/vc_column][\/vc_row][vc_row][vc_column][vc_empty_space height=&#8221;100px&#8221;][\/vc_column][\/vc_row][\/vc_section][vc_section full_width=&#8221;stretch_row&#8221; el_class=&#8221;bg-accent-2-a&#8221;][vc_row][vc_column][vc_empty_space height=&#8221;100px&#8221;][\/vc_column][\/vc_row][vc_row equal_height=&#8221;yes&#8221; content_placement=&#8221;middle&#8221; el_class=&#8221;columnas-separadas&#8221;][vc_column width=&#8221;1\/2&#8243;][vc_single_image image=&#8221;183&#8243; img_size=&#8221;full&#8221; css=&#8221;&#8221; el_class=&#8221;border-r-15 imagen-cover imagen-cover-500&#8243;][\/vc_column][vc_column width=&#8221;1\/2&#8243;][vc_column_text css=&#8221;&#8221;]<\/p>\n<h2>El valor de<br \/>\nconsumir l\u00e1cteos<\/h2>\n<p>[\/vc_column_text][vc_column_text css=&#8221;&#8221;]Te ayudamos a descubrir por qu\u00e9 los l\u00e1cteos son la <strong>base de una dieta saludable y equilibrada<\/strong> y c\u00f3mo contribuyen a la <strong>sostenibilidad medioambiental, econ\u00f3mica y social<\/strong> de nuestro territorio.[\/vc_column_text]<div class=\"ult-content-box-container box-btns\" >\t\t<div class=\"ult-content-box\" style=\"box-shadow: px px px px none;-webkit-transition: all 700ms ease;-moz-transition: all 700ms ease;-ms-transition: all 700ms ease;-o-transition: all 700ms ease;transition: all 700ms ease;\"  data-hover_box_shadow=\"none\"    >[vc_column_text css=&#8221;&#8221; el_class=&#8221;btn-main btn-accent&#8221;]<a href=\"https:\/\/institutlactic.cat\/es\/nutricion-y-salud\/\">Nutrici\u00f3n y salud<\/a>[\/vc_column_text][vc_column_text css=&#8221;&#8221; el_class=&#8221;btn-main btn-outline-blue&#8221;]<a href=\"https:\/\/institutlactic.cat\/es\/sostenibilidad\/\">Sostenibilidad<\/a>[\/vc_column_text]\t\t<\/div><\/div>[\/vc_column][\/vc_row][vc_row][vc_column][vc_empty_space height=&#8221;100px&#8221;][\/vc_column][\/vc_row][\/vc_section][vc_section full_width=&#8221;stretch_row&#8221; css=&#8221;.vc_custom_1730046340067{background-image: url(https:\/\/institutlactic.cat\/wp-content\/uploads\/2024\/10\/Institut-lactic-scaled.jpg?id=188) !important;background-position: center !important;background-repeat: no-repeat !important;background-size: cover !important;}&#8221;][vc_row][vc_column][vc_empty_space height=&#8221;65px&#8221;][vc_column_text css=&#8221;&#8221;]<\/p>\n<h2 style=\"text-align: center;\">\u00a1Participa en el Institut!<\/h2>\n<p>[\/vc_column_text][vc_column_text css=&#8221;&#8221; el_class=&#8221;txt-26&#8243;]<\/p>\n<p style=\"text-align: center;\">Tu oportunidad de contribuir al impulso de la cultura l\u00e1ctea catalana<\/p>\n<p>[\/vc_column_text][vc_empty_space height=&#8221;15px&#8221;][vc_row_inner el_class=&#8221;columnas-3 cajas-participa&#8221;][vc_column_inner]<div class=\"ult-content-box-container box-modulo-info fondo-tarjeta\" >\t\t<div class=\"ult-content-box\" style=\"box-shadow: px px px px none;-webkit-transition: all 700ms ease;-moz-transition: all 700ms ease;-ms-transition: all 700ms ease;-o-transition: all 700ms ease;transition: all 700ms ease;\"  data-hover_box_shadow=\"none\"    >[vc_column_text css=&#8221;&#8221; el_class=&#8221;txt-20 centrado-v-3l&#8221;]<\/p>\n<p style=\"text-align: center;\">\u00bfFormas parte de alguno de los eslabones del sector?<\/p>\n<p>[\/vc_column_text][vc_column_text css=&#8221;&#8221; el_class=&#8221;btn-main btn-accent btn-center mg-bot-0&#8243;]<a href=\"https:\/\/institutlactic.cat\/es\/institut\/#participa-hi\">Convi\u00e9rtete en patrono<\/a>[\/vc_column_text]\t\t<\/div><\/div><div class=\"ult-content-box-container box-modulo-info fondo-tarjeta\" >\t\t<div class=\"ult-content-box\" style=\"box-shadow: px px px px none;-webkit-transition: all 700ms ease;-moz-transition: all 700ms ease;-ms-transition: all 700ms ease;-o-transition: all 700ms ease;transition: all 700ms ease;\"  data-hover_box_shadow=\"none\"    >[vc_column_text css=&#8221;&#8221; el_class=&#8221;txt-20 centrado-v-3l&#8221;]<\/p>\n<p style=\"text-align: center;\">\u00bfQuieres conocer las actividades que organizamos?<\/p>\n<p>[\/vc_column_text][vc_column_text css=&#8221;&#8221; el_class=&#8221;btn-main btn-accent btn-center mg-bot-0&#8243;]<a href=\"https:\/\/institutlactic.cat\/wp-content\/uploads\/2024\/11\/DOSSIER-DE-PATROCINI_2024_ESP.pdf\" target=\"_blank\" rel=\"noopener\">Colabora<\/a>[\/vc_column_text]\t\t<\/div><\/div><div class=\"ult-content-box-container box-modulo-info fondo-tarjeta\" >\t\t<div class=\"ult-content-box\" style=\"box-shadow: px px px px none;-webkit-transition: all 700ms ease;-moz-transition: all 700ms ease;-ms-transition: all 700ms ease;-o-transition: all 700ms ease;transition: all 700ms ease;\"  data-hover_box_shadow=\"none\"    >[vc_column_text css=&#8221;&#8221; el_class=&#8221;txt-20 centrado-v-3l&#8221;]<\/p>\n<p style=\"text-align: center;\">\u00bfPerteneces a la comunidad educativa y no conoces el programa \u201cLeche en las escuelas\u201d?<\/p>\n<p>[\/vc_column_text][vc_column_text css=&#8221;&#8221; el_class=&#8221;btn-main btn-accent btn-center mg-bot-0&#8243;]<a href=\"https:\/\/institutlactic.cat\/es\/nutricio-i-salut\/#programa-escolar\">Desc\u00fabrelo<\/a>[\/vc_column_text]\t\t<\/div><\/div>[\/vc_column_inner][\/vc_row_inner][vc_empty_space height=&#8221;100px&#8221;][\/vc_column][\/vc_row][\/vc_section]<\/p>\n<\/div>","protected":false},"excerpt":{"rendered":"<p>[vc_section full_width=&#8221;stretch_row_content&#8221;][vc_row full_width=&#8221;stretch_row_content_no_spaces&#8221;][vc_column][\/vc_column][\/vc_row][\/vc_section][vc_section full_width=&#8221;stretch_row&#8221; el_class=&#8221;bg-accent-2&#8243;][vc_row][vc_column][vc_empty_space height=&#8221;100px&#8221;][vc_column_text css=&#8221;&#8221;] El sector l\u00e1cteo catal\u00e1n es estrat\u00e9gico para el territorio [\/vc_column_text][\/vc_column][\/vc_row][vc_row][vc_column][vc_column_text css=&#8221;&#8221; el_class=&#8221;txt-main&#8221;]Gracias a la cultura de a\u00f1os y al esfuerzo de todos los eslabones (producci\u00f3n, transformaci\u00f3n y distribuci\u00f3n), cada vez m\u00e1s profesionalizados e internacionalizados, el sector l\u00e1cteo lidera todo tipo de proyectos basados en la innovaci\u00f3n y la &#8230; <a title=\"Inicio\" class=\"read-more\" href=\"https:\/\/institutlactic.cat\/es\/\" aria-label=\"Leer m\u00e1s sobre Inicio\">+<\/a><\/p>\n","protected":false},"author":4,"featured_media":1084,"parent":0,"menu_order":0,"comment_status":"closed","ping_status":"closed","template":"","meta":{"_acf_changed":false,"inline_featured_image":false,"footnotes":""},"class_list":["post-1207","page","type-page","status-publish","has-post-thumbnail"],"acf":[],"yoast_head":"<!-- This site is optimized with the Yoast SEO plugin v26.2 - https:\/\/yoast.com\/wordpress\/plugins\/seo\/ -->\n<title>Inicio - Institut L\u00e0ctic de Catalunya<\/title>\n<meta name=\"robots\" content=\"index, follow, max-snippet:-1, max-image-preview:large, max-video-preview:-1\" \/>\n<link rel=\"canonical\" href=\"https:\/\/institutlactic.cat\/es\/\" \/>\n<meta property=\"og:locale\" content=\"es_ES\" \/>\n<meta property=\"og:type\" content=\"article\" \/>\n<meta property=\"og:title\" content=\"Inicio - Institut L\u00e0ctic de Catalunya\" \/>\n<meta property=\"og:description\" content=\"[vc_section full_width=&#8221;stretch_row_content&#8221;][vc_row full_width=&#8221;stretch_row_content_no_spaces&#8221;][vc_column][\/vc_column][\/vc_row][\/vc_section][vc_section full_width=&#8221;stretch_row&#8221; el_class=&#8221;bg-accent-2&#8243;][vc_row][vc_column][vc_empty_space height=&#8221;100px&#8221;][vc_column_text css=&#8221;&#8221;] El sector l\u00e1cteo catal\u00e1n es estrat\u00e9gico para el territorio [\/vc_column_text][\/vc_column][\/vc_row][vc_row][vc_column][vc_column_text css=&#8221;&#8221; el_class=&#8221;txt-main&#8221;]Gracias a la cultura de a\u00f1os y al esfuerzo de todos los eslabones (producci\u00f3n, transformaci\u00f3n y distribuci\u00f3n), cada vez m\u00e1s profesionalizados e internacionalizados, el sector l\u00e1cteo lidera todo tipo de proyectos basados en la innovaci\u00f3n y la ... +\" \/>\n<meta property=\"og:url\" content=\"https:\/\/institutlactic.cat\/es\/\" \/>\n<meta property=\"og:site_name\" content=\"Institut L\u00e0ctic de Catalunya\" \/>\n<meta property=\"article:publisher\" content=\"https:\/\/www.facebook.com\/people\/Institut-Lctic-de-Catalunya\/61563448507280\/\" \/>\n<meta property=\"article:modified_time\" content=\"2024-11-21T13:13:13+00:00\" \/>\n<meta property=\"og:image\" content=\"https:\/\/institutlactic.cat\/wp-content\/uploads\/2024\/10\/Logo-Institut-Lactic-de-Catalunya-shadow.png\" \/>\n\t<meta property=\"og:image:width\" content=\"590\" \/>\n\t<meta property=\"og:image:height\" content=\"590\" \/>\n\t<meta property=\"og:image:type\" content=\"image\/png\" \/>\n<meta name=\"twitter:card\" content=\"summary_large_image\" \/>\n<meta name=\"twitter:site\" content=\"@institutlactic\" \/>\n<meta name=\"twitter:label1\" content=\"Tiempo de lectura\" \/>\n\t<meta name=\"twitter:data1\" content=\"3 minutos\" \/>\n<script type=\"application\/ld+json\" class=\"yoast-schema-graph\">{\"@context\":\"https:\/\/schema.org\",\"@graph\":[{\"@type\":\"WebPage\",\"@id\":\"https:\/\/institutlactic.cat\/es\/\",\"url\":\"https:\/\/institutlactic.cat\/es\/\",\"name\":\"Inicio - Institut L\u00e0ctic de Catalunya\",\"isPartOf\":{\"@id\":\"https:\/\/institutlactic.cat\/es\/#website\"},\"primaryImageOfPage\":{\"@id\":\"https:\/\/institutlactic.cat\/es\/#primaryimage\"},\"image\":{\"@id\":\"https:\/\/institutlactic.cat\/es\/#primaryimage\"},\"thumbnailUrl\":\"https:\/\/institutlactic.cat\/wp-content\/uploads\/2024\/10\/Logo-Institut-Lactic-de-Catalunya-shadow.png\",\"datePublished\":\"2024-06-19T12:01:20+00:00\",\"dateModified\":\"2024-11-21T13:13:13+00:00\",\"breadcrumb\":{\"@id\":\"https:\/\/institutlactic.cat\/es\/#breadcrumb\"},\"inLanguage\":\"es\",\"potentialAction\":[{\"@type\":\"ReadAction\",\"target\":[\"https:\/\/institutlactic.cat\/es\/\"]}]},{\"@type\":\"ImageObject\",\"inLanguage\":\"es\",\"@id\":\"https:\/\/institutlactic.cat\/es\/#primaryimage\",\"url\":\"https:\/\/institutlactic.cat\/wp-content\/uploads\/2024\/10\/Logo-Institut-Lactic-de-Catalunya-shadow.png\",\"contentUrl\":\"https:\/\/institutlactic.cat\/wp-content\/uploads\/2024\/10\/Logo-Institut-Lactic-de-Catalunya-shadow.png\",\"width\":590,\"height\":590},{\"@type\":\"BreadcrumbList\",\"@id\":\"https:\/\/institutlactic.cat\/es\/#breadcrumb\",\"itemListElement\":[{\"@type\":\"ListItem\",\"position\":1,\"name\":\"Portada\",\"item\":\"https:\/\/institutlactic.cat\/es\/\"},{\"@type\":\"ListItem\",\"position\":2,\"name\":\"Inicio\"}]},{\"@type\":\"WebSite\",\"@id\":\"https:\/\/institutlactic.cat\/es\/#website\",\"url\":\"https:\/\/institutlactic.cat\/es\/\",\"name\":\"Institut L\u00e0ctic de Catalunya\",\"description\":\"\u201cLa cultura l\u00e0ctica de casa nostra\u201d\",\"publisher\":{\"@id\":\"https:\/\/institutlactic.cat\/es\/#organization\"},\"alternateName\":\"Institut L\u00e0ctic de Catalunya\",\"potentialAction\":[{\"@type\":\"SearchAction\",\"target\":{\"@type\":\"EntryPoint\",\"urlTemplate\":\"https:\/\/institutlactic.cat\/es\/?s={search_term_string}\"},\"query-input\":{\"@type\":\"PropertyValueSpecification\",\"valueRequired\":true,\"valueName\":\"search_term_string\"}}],\"inLanguage\":\"es\"},{\"@type\":\"Organization\",\"@id\":\"https:\/\/institutlactic.cat\/es\/#organization\",\"name\":\"Institut L\u00e0ctic de Catalunya\",\"alternateName\":\"Institut L\u00e0ctic de Catalunya\",\"url\":\"https:\/\/institutlactic.cat\/es\/\",\"logo\":{\"@type\":\"ImageObject\",\"inLanguage\":\"es\",\"@id\":\"https:\/\/institutlactic.cat\/es\/#\/schema\/logo\/image\/\",\"url\":\"https:\/\/institutlactic.cat\/wp-content\/uploads\/2024\/10\/Logo-Institut-Lactic-de-Catalunya-shadow.png\",\"contentUrl\":\"https:\/\/institutlactic.cat\/wp-content\/uploads\/2024\/10\/Logo-Institut-Lactic-de-Catalunya-shadow.png\",\"width\":590,\"height\":590,\"caption\":\"Institut L\u00e0ctic de Catalunya\"},\"image\":{\"@id\":\"https:\/\/institutlactic.cat\/es\/#\/schema\/logo\/image\/\"},\"sameAs\":[\"https:\/\/www.facebook.com\/people\/Institut-Lctic-de-Catalunya\/61563448507280\/\",\"https:\/\/x.com\/institutlactic\",\"https:\/\/www.instagram.com\/institutlactic\/\",\"https:\/\/www.linkedin.com\/company\/102287790\/admin\/dashboard\/\",\"https:\/\/www.tiktok.com\/@institutlactic?_t=8qMvYBGolHs&_r=1\",\"https:\/\/www.youtube.com\/@InstitutLctic\"]}]}<\/script>\n<!-- \/ Yoast SEO plugin. -->","yoast_head_json":{"title":"Inicio - Institut L\u00e0ctic de Catalunya","robots":{"index":"index","follow":"follow","max-snippet":"max-snippet:-1","max-image-preview":"max-image-preview:large","max-video-preview":"max-video-preview:-1"},"canonical":"https:\/\/institutlactic.cat\/es\/","og_locale":"es_ES","og_type":"article","og_title":"Inicio - Institut L\u00e0ctic de Catalunya","og_description":"[vc_section full_width=&#8221;stretch_row_content&#8221;][vc_row full_width=&#8221;stretch_row_content_no_spaces&#8221;][vc_column][\/vc_column][\/vc_row][\/vc_section][vc_section full_width=&#8221;stretch_row&#8221; el_class=&#8221;bg-accent-2&#8243;][vc_row][vc_column][vc_empty_space height=&#8221;100px&#8221;][vc_column_text css=&#8221;&#8221;] El sector l\u00e1cteo catal\u00e1n es estrat\u00e9gico para el territorio [\/vc_column_text][\/vc_column][\/vc_row][vc_row][vc_column][vc_column_text css=&#8221;&#8221; el_class=&#8221;txt-main&#8221;]Gracias a la cultura de a\u00f1os y al esfuerzo de todos los eslabones (producci\u00f3n, transformaci\u00f3n y distribuci\u00f3n), cada vez m\u00e1s profesionalizados e internacionalizados, el sector l\u00e1cteo lidera todo tipo de proyectos basados en la innovaci\u00f3n y la ... +","og_url":"https:\/\/institutlactic.cat\/es\/","og_site_name":"Institut L\u00e0ctic de Catalunya","article_publisher":"https:\/\/www.facebook.com\/people\/Institut-Lctic-de-Catalunya\/61563448507280\/","article_modified_time":"2024-11-21T13:13:13+00:00","og_image":[{"width":590,"height":590,"url":"https:\/\/institutlactic.cat\/wp-content\/uploads\/2024\/10\/Logo-Institut-Lactic-de-Catalunya-shadow.png","type":"image\/png"}],"twitter_card":"summary_large_image","twitter_site":"@institutlactic","twitter_misc":{"Tiempo de lectura":"3 minutos"},"schema":{"@context":"https:\/\/schema.org","@graph":[{"@type":"WebPage","@id":"https:\/\/institutlactic.cat\/es\/","url":"https:\/\/institutlactic.cat\/es\/","name":"Inicio - Institut L\u00e0ctic de Catalunya","isPartOf":{"@id":"https:\/\/institutlactic.cat\/es\/#website"},"primaryImageOfPage":{"@id":"https:\/\/institutlactic.cat\/es\/#primaryimage"},"image":{"@id":"https:\/\/institutlactic.cat\/es\/#primaryimage"},"thumbnailUrl":"https:\/\/institutlactic.cat\/wp-content\/uploads\/2024\/10\/Logo-Institut-Lactic-de-Catalunya-shadow.png","datePublished":"2024-06-19T12:01:20+00:00","dateModified":"2024-11-21T13:13:13+00:00","breadcrumb":{"@id":"https:\/\/institutlactic.cat\/es\/#breadcrumb"},"inLanguage":"es","potentialAction":[{"@type":"ReadAction","target":["https:\/\/institutlactic.cat\/es\/"]}]},{"@type":"ImageObject","inLanguage":"es","@id":"https:\/\/institutlactic.cat\/es\/#primaryimage","url":"https:\/\/institutlactic.cat\/wp-content\/uploads\/2024\/10\/Logo-Institut-Lactic-de-Catalunya-shadow.png","contentUrl":"https:\/\/institutlactic.cat\/wp-content\/uploads\/2024\/10\/Logo-Institut-Lactic-de-Catalunya-shadow.png","width":590,"height":590},{"@type":"BreadcrumbList","@id":"https:\/\/institutlactic.cat\/es\/#breadcrumb","itemListElement":[{"@type":"ListItem","position":1,"name":"Portada","item":"https:\/\/institutlactic.cat\/es\/"},{"@type":"ListItem","position":2,"name":"Inicio"}]},{"@type":"WebSite","@id":"https:\/\/institutlactic.cat\/es\/#website","url":"https:\/\/institutlactic.cat\/es\/","name":"Institut L\u00e0ctic de Catalunya","description":"\u201cLa cultura l\u00e0ctica de casa nostra\u201d","publisher":{"@id":"https:\/\/institutlactic.cat\/es\/#organization"},"alternateName":"Institut L\u00e0ctic de Catalunya","potentialAction":[{"@type":"SearchAction","target":{"@type":"EntryPoint","urlTemplate":"https:\/\/institutlactic.cat\/es\/?s={search_term_string}"},"query-input":{"@type":"PropertyValueSpecification","valueRequired":true,"valueName":"search_term_string"}}],"inLanguage":"es"},{"@type":"Organization","@id":"https:\/\/institutlactic.cat\/es\/#organization","name":"Institut L\u00e0ctic de Catalunya","alternateName":"Institut L\u00e0ctic de Catalunya","url":"https:\/\/institutlactic.cat\/es\/","logo":{"@type":"ImageObject","inLanguage":"es","@id":"https:\/\/institutlactic.cat\/es\/#\/schema\/logo\/image\/","url":"https:\/\/institutlactic.cat\/wp-content\/uploads\/2024\/10\/Logo-Institut-Lactic-de-Catalunya-shadow.png","contentUrl":"https:\/\/institutlactic.cat\/wp-content\/uploads\/2024\/10\/Logo-Institut-Lactic-de-Catalunya-shadow.png","width":590,"height":590,"caption":"Institut L\u00e0ctic de Catalunya"},"image":{"@id":"https:\/\/institutlactic.cat\/es\/#\/schema\/logo\/image\/"},"sameAs":["https:\/\/www.facebook.com\/people\/Institut-Lctic-de-Catalunya\/61563448507280\/","https:\/\/x.com\/institutlactic","https:\/\/www.instagram.com\/institutlactic\/","https:\/\/www.linkedin.com\/company\/102287790\/admin\/dashboard\/","https:\/\/www.tiktok.com\/@institutlactic?_t=8qMvYBGolHs&_r=1","https:\/\/www.youtube.com\/@InstitutLctic"]}]}},"_links":{"self":[{"href":"https:\/\/institutlactic.cat\/es\/wp-json\/wp\/v2\/pages\/1207","targetHints":{"allow":["GET"]}}],"collection":[{"href":"https:\/\/institutlactic.cat\/es\/wp-json\/wp\/v2\/pages"}],"about":[{"href":"https:\/\/institutlactic.cat\/es\/wp-json\/wp\/v2\/types\/page"}],"author":[{"embeddable":true,"href":"https:\/\/institutlactic.cat\/es\/wp-json\/wp\/v2\/users\/4"}],"replies":[{"embeddable":true,"href":"https:\/\/institutlactic.cat\/es\/wp-json\/wp\/v2\/comments?post=1207"}],"version-history":[{"count":11,"href":"https:\/\/institutlactic.cat\/es\/wp-json\/wp\/v2\/pages\/1207\/revisions"}],"predecessor-version":[{"id":1403,"href":"https:\/\/institutlactic.cat\/es\/wp-json\/wp\/v2\/pages\/1207\/revisions\/1403"}],"wp:featuredmedia":[{"embeddable":true,"href":"https:\/\/institutlactic.cat\/es\/wp-json\/wp\/v2\/media\/1084"}],"wp:attachment":[{"href":"https:\/\/institutlactic.cat\/es\/wp-json\/wp\/v2\/media?parent=1207"}],"curies":[{"name":"wp","href":"https:\/\/api.w.org\/{rel}","templated":true}]}}