{"id":1204,"date":"2024-10-24T10:42:18","date_gmt":"2024-10-24T09:42:18","guid":{"rendered":"https:\/\/institutlactic.cat\/cultura-lactica\/"},"modified":"2024-11-21T11:48:17","modified_gmt":"2024-11-21T10:48:17","slug":"cultura-lactea","status":"publish","type":"page","link":"https:\/\/institutlactic.cat\/es\/cultura-lactea\/","title":{"rendered":"Cultura L\u00e1ctea"},"content":{"rendered":"<div class=\"wpb-content-wrapper\"><p>[vc_section full_width=&#8221;stretch_row&#8221; css=&#8221;.vc_custom_1730097817196{background-image: url(https:\/\/institutlactic.cat\/wp-content\/uploads\/2024\/10\/CulturaLactica-scaled.jpg?id=148) !important;background-position: center !important;background-repeat: no-repeat !important;background-size: cover !important;}&#8221;][vc_row][vc_column][vc_empty_space height=&#8221;200px&#8221;][vc_empty_space height=&#8221;300px&#8221; el_class=&#8221;vc_hidden-xs&#8221;][\/vc_column][\/vc_row][\/vc_section][vc_section full_width=&#8221;stretch_row&#8221;][vc_row][vc_column][vc_empty_space height=&#8221;65px&#8221;][vc_column_text css_animation=&#8221;fadeInUp&#8221; css=&#8221;&#8221;]<\/p>\n<h2 style=\"text-align: center;\">Cultura L\u00e1ctea<\/h2>\n<p>[\/vc_column_text][vc_column_text css=&#8221;&#8221; el_class=&#8221;txt-main&#8221;]El sector l\u00e1cteo catal\u00e1n es estrat\u00e9gico para el <strong>territorio<\/strong>, s\u00edmbolo de <strong>identidad<\/strong> y\u00a0<strong>tradici\u00f3n<\/strong> y, al mismo tiempo, polo de atracci\u00f3n de un <strong>turismo regenerativo<\/strong>, que tiene en cuenta la cultura de a\u00f1os y el esfuerzo de nuestro sistema productivo, industrial y de distribuci\u00f3n, en un sector cada vez m\u00e1s <strong>profesionalizado<\/strong> e <strong>internacionalizado<\/strong>, que lidera la <strong>innovaci\u00f3n<\/strong> y la <strong>sostenibilidad<\/strong> por medio de iniciativas pioneras, para promover la <strong>calidad<\/strong>\u00a0de los alimentos que produce, a la vez que vela por la <strong>salud<\/strong> de las personas a trav\u00e9s de la alimentaci\u00f3n y el <strong>compromiso social<\/strong>.[\/vc_column_text][vc_empty_space height=&#8221;65px&#8221;][\/vc_column][\/vc_row][\/vc_section][vc_section][vc_row][vc_column]<div class=\"ult-content-box-container box-fcards\" >\t\t<div class=\"ult-content-box\" style=\"box-shadow: px px px px none;-webkit-transition: all 700ms ease;-moz-transition: all 700ms ease;-ms-transition: all 700ms ease;-o-transition: all 700ms ease;transition: all 700ms ease;\"  data-hover_box_shadow=\"none\"    >[vc_hoverbox image=&#8221;162&#8243; primary_title=&#8221;Territorio&#8221; hover_title=&#8221;&#8221; el_class=&#8221;tarjeta-flip&#8221;]Contribuimos a dinamizar, cohesionar y velar por el territorio, tanto desde un punto de vista social, como econ\u00f3mico y medioambiental.[\/vc_hoverbox][vc_hoverbox image=&#8221;155&#8243; primary_title=&#8221;Identidad&#8221; hover_title=&#8221;&#8221; el_class=&#8221;tarjeta-flip&#8221;]Ponemos en valor toda la cadena, desde la producci\u00f3n y la transformaci\u00f3n hasta la distribuci\u00f3n, y reconocemos las singularidades y los rasgos diferenciales de cada eslab\u00f3n, as\u00ed como sus necesidades y las aportaciones a nuestra identidad cultural y gastron\u00f3mica.[\/vc_hoverbox][vc_hoverbox image=&#8221;163&#8243; primary_title=&#8221;Tradici\u00f3n&#8221; hover_title=&#8221;&#8221; el_class=&#8221;tarjeta-flip&#8221;]Reivindicamos nuestra manera de hacer, tan propia como diversa, con una historia milenaria de paisajes, productos y recetas que constituyen nuestro legado.[\/vc_hoverbox][vc_hoverbox image=&#8221;154&#8243; primary_title=&#8221;Cultura&#8221; hover_title=&#8221;&#8221; el_class=&#8221;tarjeta-flip&#8221;]Queremos que la ciudadan\u00eda se impregne de nuestra cultura, y que valore el esfuerzo que hacen d\u00eda tras d\u00eda los agricultores y los ganaderos, los artesanos y las empresas de la transformaci\u00f3n alimentaria, as\u00ed como la distribuci\u00f3n, para hacer llegar a nuestras mesas los productos que trabajan con amor y dedicaci\u00f3n.[\/vc_hoverbox][vc_hoverbox image=&#8221;158&#8243; primary_title=&#8221;Profesionalizaci\u00f3n&#8221; hover_title=&#8221;&#8221; el_class=&#8221;tarjeta-flip&#8221;]Destacamos la continuada profesionalizaci\u00f3n de todos los eslabones del sector, su firme compromiso y la alta capacidad de adaptaci\u00f3n a los cambios, para mejorar el paisaje, las infraestructuras, los servicios y los productos.[\/vc_hoverbox][vc_hoverbox image=&#8221;156&#8243; primary_title=&#8221;Innovaci\u00f3n&#8221; hover_title=&#8221;&#8221; el_class=&#8221;tarjeta-flip&#8221;]Impulsamos iniciativas y el trabajo conjunto de todos los eslabones de la cadena de valor para mejorar la competitividad de los l\u00e1cteos catalanes y su percepci\u00f3n entre la poblaci\u00f3n como alimentos saludables, que son la base de nuestra cultura gastron\u00f3mica y alimentaria.[\/vc_hoverbox][vc_hoverbox image=&#8221;159&#8243; primary_title=&#8221;Calidad&#8221; hover_title=&#8221;&#8221; el_class=&#8221;tarjeta-flip&#8221;]El sector l\u00e1cteo est\u00e1 dotado de un sistema de control especialmente eficaz que permite la trazabilidad y la supervisi\u00f3n de todos los productos que salen de las granjas y de las empresas transformadoras, para garantizar su calidad y seguridad alimentaria.[\/vc_hoverbox][vc_hoverbox image=&#8221;160&#8243; primary_title=&#8221;Salud&#8221; hover_title=&#8221;&#8221; el_class=&#8221;tarjeta-flip&#8221;]La leche y los l\u00e1cteos son alimentos que forman parte de la dieta mediterr\u00e1nea y del consumo diario de alimentos saludables (de 1 a 3 raciones al d\u00eda), dado que son una fuente extraordinaria de prote\u00edna, calcio y magnesio, entre otras vitaminas y minerales.[\/vc_hoverbox][vc_hoverbox image=&#8221;161&#8243; primary_title=&#8221;Sostenibilidad&#8221; hover_title=&#8221;&#8221; el_class=&#8221;tarjeta-flip&#8221;]Promovemos un modelo de producci\u00f3n y consumo que combate el cambio clim\u00e1tico y el desperdicio alimentario, con el foco en los Objetivos de Desarrollo Sostenible (ODS).[\/vc_hoverbox][vc_hoverbox image=&#8221;157&#8243; primary_title=&#8221;Internacionalizaci\u00f3n&#8221; hover_title=&#8221;&#8221; el_class=&#8221;tarjeta-flip&#8221;]Queremos dar a conocer los l\u00e1cteos catalanes en Catalu\u00f1a y fuera de ella, para que todo el mundo pueda disfrutar de nuestros productos y de las distintas maneras de cocinarlos y presentarlos.[\/vc_hoverbox][vc_hoverbox image=&#8221;153&#8243; primary_title=&#8221;Compromiso social&#8221; hover_title=&#8221;&#8221; el_class=&#8221;tarjeta-flip&#8221;]Velamos por la salud y el bienestar de las personas, tambi\u00e9n y, sobre todo, a trav\u00e9s de la alimentaci\u00f3n.[\/vc_hoverbox][vc_hoverbox image=&#8221;164&#8243; primary_title=&#8221;Turismo regenerativo&#8221; hover_title=&#8221;&#8221; el_class=&#8221;tarjeta-flip&#8221;]Acogemos y promovemos el turismo asociado a un modelo de producci\u00f3n arraigado y comprometido con el territorio y, por tanto, respetuoso con la comunidad, la cultura y el entorno natural que lo acoge.[\/vc_hoverbox]\t\t<\/div><\/div>[vc_empty_space height=&#8221;100px&#8221;][\/vc_column][\/vc_row][\/vc_section][vc_section full_width=&#8221;stretch_row&#8221; el_class=&#8221;bg-accent-2&#8243; el_id=&#8221;gastronomia&#8221;][vc_row][vc_column][vc_empty_space height=&#8221;100px&#8221;][\/vc_column][\/vc_row][vc_row equal_height=&#8221;yes&#8221; content_placement=&#8221;middle&#8221; el_class=&#8221;columnas-separadas&#8221;][vc_column width=&#8221;1\/2&#8243;][vc_single_image image=&#8221;353&#8243; img_size=&#8221;full&#8221; css_animation=&#8221;fadeInUp&#8221; css=&#8221;&#8221; el_class=&#8221;border-r-15 imagen-cover imagen-cover-500&#8243;][\/vc_column][vc_column width=&#8221;1\/2&#8243;][vc_column_text css_animation=&#8221;fadeInUp&#8221; css=&#8221;&#8221;]<\/p>\n<h2>Gastronom\u00eda<\/h2>\n<p>[\/vc_column_text][vc_column_text css=&#8221;&#8221;]La cocina catalana, en general, y los l\u00e1cteos, en particular, hablan de nuestra historia, de nuestros paisajes y de nuestra gente. Por eso y porque queremos transmitir al mundo el orgullo de lo que somos y de lo que hacemos, el <strong>Institut L\u00e0ctic de Catalunya<\/strong> forma parte del compromiso como Regi\u00f3n Mundial de la Gastronom\u00eda, una iniciativa que quiere contribuir a posicionar nuestro pa\u00eds al frente de la producci\u00f3n, la transformaci\u00f3n, la distribuci\u00f3n y la gastronom\u00eda. \u00bfTe sumas?[\/vc_column_text]<div class=\"ult-content-box-container box-flex\" >\t\t<div class=\"ult-content-box\" style=\"box-shadow: px px px px none;-webkit-transition: all 700ms ease;-moz-transition: all 700ms ease;-ms-transition: all 700ms ease;-o-transition: all 700ms ease;transition: all 700ms ease;\"  data-hover_box_shadow=\"none\"    >[vc_column_text css=&#8221;&#8221; el_class=&#8221;btn-main btn-outline-blue&#8221;]<a href=\"https:\/\/somgastronomia.cat\/es\/\" target=\"_blank\" rel=\"noopener\">Regi\u00f3n Mundial de la Gastronom\u00eda 2025<\/a>[\/vc_column_text][vc_single_image image=&#8221;355&#8243; img_size=&#8221;full&#8221; css=&#8221;&#8221; el_class=&#8221;logo-reg-murcia&#8221;]\t\t<\/div><\/div>[\/vc_column][\/vc_row][vc_row][vc_column][vc_empty_space height=&#8221;65px&#8221;][\/vc_column][\/vc_row][\/vc_section][vc_section full_width=&#8221;stretch_row&#8221; el_id=&#8221;experiencies&#8221;][vc_row][vc_column][vc_empty_space height=&#8221;65px&#8221;][vc_column_text css_animation=&#8221;fadeInUp&#8221; css=&#8221;&#8221;]<\/p>\n<h2 style=\"text-align: center;\">Experiencias<\/h2>\n<p>[\/vc_column_text][vc_column_text css=&#8221;&#8221; el_class=&#8221;txt-main&#8221;]Si quieres <strong>experimentar la cultura l\u00e1ctea<\/strong> en primera persona, sea en directo o en l\u00ednea, visitando granjas y f\u00e1bricas, catando y maridando productos, o participando en talleres de cocina, mercados y ferias o en cualquier otra actividad relacionada, te proporcionamos unas cuantas ideas.[\/vc_column_text][vc_empty_space height=&#8221;30px&#8221;][vc_raw_html css=&#8221;&#8221;]JTVCbWFkX2V4cGVyaWVuY2llcyU1RA==[\/vc_raw_html][vc_empty_space height=&#8221;65px&#8221;][\/vc_column][\/vc_row][\/vc_section][vc_section full_width=&#8221;stretch_row&#8221; el_class=&#8221;bg-accent-2-a&#8221;][vc_row][vc_column][vc_empty_space height=&#8221;100px&#8221;][\/vc_column][\/vc_row][vc_row equal_height=&#8221;yes&#8221; content_placement=&#8221;middle&#8221; el_class=&#8221;columnas-separadas&#8221;][vc_column width=&#8221;1\/2&#8243;][vc_single_image image=&#8221;359&#8243; img_size=&#8221;full&#8221; css_animation=&#8221;fadeInUp&#8221; css=&#8221;&#8221; el_class=&#8221;border-r-15 imagen-cover imagen-cover-500&#8243;][\/vc_column][vc_column width=&#8221;1\/2&#8243;][vc_column_text css_animation=&#8221;fadeInUp&#8221; css=&#8221;&#8221;]<\/p>\n<h3>\u00bfQuieres publicar tu<br \/>\nexperiencia en la web?<\/h3>\n<p>[\/vc_column_text][vc_column_text css=&#8221;&#8221;]Si organizas actividades relacionadas con la cultura l\u00e1ctea, dirigidas a profesionales, escuelas u otros colectivos y p\u00fablico en general.[\/vc_column_text][vc_column_text css=&#8221;&#8221; el_class=&#8221;btn-main btn-accent&#8221;]<a href=\"https:\/\/institutlactic.cat\/es\/contacte\/\">\u00a1Ponte en contacto con nosotros!<\/a>[\/vc_column_text][\/vc_column][\/vc_row][vc_row][vc_column][vc_empty_space height=&#8221;65px&#8221;][\/vc_column][\/vc_row][\/vc_section][vc_section el_id=&#8221;lacticpedia&#8221;][vc_row][vc_column][vc_empty_space height=&#8221;65px&#8221;][vc_column_text css_animation=&#8221;fadeInUp&#8221; css=&#8221;&#8221; el_class=&#8221;mg-bot-15&#8243;]<\/p>\n<h2>Lacteopedia<\/h2>\n<p>[\/vc_column_text][vc_column_text css=&#8221;&#8221;]Tu biblioteca de referencia sobre estudios y publicaciones relacionados con la leche y los l\u00e1cteos.[\/vc_column_text][vc_raw_html css=&#8221;&#8221;]JTVCbWFkX3BsYW50aWxsYV9sYWN0aWNwZWRpYSU1RA==[\/vc_raw_html][\/vc_column][\/vc_row][\/vc_section]<\/p>\n<\/div>","protected":false},"excerpt":{"rendered":"<p>[vc_section full_width=&#8221;stretch_row&#8221; css=&#8221;.vc_custom_1730097817196{background-image: url(https:\/\/institutlactic.cat\/wp-content\/uploads\/2024\/10\/CulturaLactica-scaled.jpg?id=148) !important;background-position: center !important;background-repeat: no-repeat !important;background-size: cover !important;}&#8221;][vc_row][vc_column][vc_empty_space height=&#8221;200px&#8221;][vc_empty_space height=&#8221;300px&#8221; el_class=&#8221;vc_hidden-xs&#8221;][\/vc_column][\/vc_row][\/vc_section][vc_section full_width=&#8221;stretch_row&#8221;][vc_row][vc_column][vc_empty_space height=&#8221;65px&#8221;][vc_column_text css_animation=&#8221;fadeInUp&#8221; css=&#8221;&#8221;] Cultura L\u00e1ctea [\/vc_column_text][vc_column_text css=&#8221;&#8221; el_class=&#8221;txt-main&#8221;]El sector l\u00e1cteo catal\u00e1n es estrat\u00e9gico para el territorio, s\u00edmbolo de identidad y\u00a0tradici\u00f3n y, al mismo tiempo, polo de atracci\u00f3n de un turismo regenerativo, que tiene en cuenta la cultura de a\u00f1os y &#8230; <a title=\"Cultura L\u00e1ctea\" class=\"read-more\" href=\"https:\/\/institutlactic.cat\/es\/cultura-lactea\/\" aria-label=\"Leer m\u00e1s sobre Cultura L\u00e1ctea\">+<\/a><\/p>\n","protected":false},"author":4,"featured_media":1027,"parent":0,"menu_order":0,"comment_status":"closed","ping_status":"closed","template":"","meta":{"_acf_changed":false,"inline_featured_image":false,"footnotes":""},"class_list":["post-1204","page","type-page","status-publish","has-post-thumbnail"],"acf":[],"yoast_head":"<!-- This site is optimized with the Yoast SEO plugin v26.2 - https:\/\/yoast.com\/wordpress\/plugins\/seo\/ -->\n<title>Cultura L\u00e1ctea - Institut L\u00e0ctic de Catalunya<\/title>\n<meta name=\"robots\" content=\"index, follow, max-snippet:-1, max-image-preview:large, max-video-preview:-1\" \/>\n<link rel=\"canonical\" href=\"https:\/\/institutlactic.cat\/es\/cultura-lactea\/\" \/>\n<meta property=\"og:locale\" content=\"es_ES\" \/>\n<meta property=\"og:type\" content=\"article\" \/>\n<meta property=\"og:title\" content=\"Cultura L\u00e1ctea - Institut L\u00e0ctic de Catalunya\" \/>\n<meta property=\"og:description\" content=\"[vc_section full_width=&#8221;stretch_row&#8221; css=&#8221;.vc_custom_1730097817196{background-image: url(https:\/\/institutlactic.cat\/wp-content\/uploads\/2024\/10\/CulturaLactica-scaled.jpg?id=148) !important;background-position: center !important;background-repeat: no-repeat !important;background-size: cover !important;}&#8221;][vc_row][vc_column][vc_empty_space height=&#8221;200px&#8221;][vc_empty_space height=&#8221;300px&#8221; el_class=&#8221;vc_hidden-xs&#8221;][\/vc_column][\/vc_row][\/vc_section][vc_section full_width=&#8221;stretch_row&#8221;][vc_row][vc_column][vc_empty_space height=&#8221;65px&#8221;][vc_column_text css_animation=&#8221;fadeInUp&#8221; css=&#8221;&#8221;] Cultura L\u00e1ctea [\/vc_column_text][vc_column_text css=&#8221;&#8221; el_class=&#8221;txt-main&#8221;]El sector l\u00e1cteo catal\u00e1n es estrat\u00e9gico para el territorio, s\u00edmbolo de identidad y\u00a0tradici\u00f3n y, al mismo tiempo, polo de atracci\u00f3n de un turismo regenerativo, que tiene en cuenta la cultura de a\u00f1os y ... +\" \/>\n<meta property=\"og:url\" content=\"https:\/\/institutlactic.cat\/es\/cultura-lactea\/\" \/>\n<meta property=\"og:site_name\" content=\"Institut L\u00e0ctic de Catalunya\" \/>\n<meta property=\"article:publisher\" content=\"https:\/\/www.facebook.com\/people\/Institut-Lctic-de-Catalunya\/61563448507280\/\" \/>\n<meta property=\"article:modified_time\" content=\"2024-11-21T10:48:17+00:00\" \/>\n<meta property=\"og:image\" content=\"https:\/\/institutlactic.cat\/wp-content\/uploads\/2024\/10\/CulturaLactica-scaled.jpg\" \/>\n\t<meta property=\"og:image:width\" content=\"2560\" \/>\n\t<meta property=\"og:image:height\" content=\"1707\" \/>\n\t<meta property=\"og:image:type\" content=\"image\/jpeg\" \/>\n<meta name=\"twitter:card\" content=\"summary_large_image\" \/>\n<meta name=\"twitter:site\" content=\"@institutlactic\" \/>\n<meta name=\"twitter:label1\" content=\"Tiempo de lectura\" \/>\n\t<meta name=\"twitter:data1\" content=\"8 minutos\" \/>\n<script type=\"application\/ld+json\" class=\"yoast-schema-graph\">{\"@context\":\"https:\/\/schema.org\",\"@graph\":[{\"@type\":\"WebPage\",\"@id\":\"https:\/\/institutlactic.cat\/es\/cultura-lactea\/\",\"url\":\"https:\/\/institutlactic.cat\/es\/cultura-lactea\/\",\"name\":\"Cultura L\u00e1ctea - Institut L\u00e0ctic de Catalunya\",\"isPartOf\":{\"@id\":\"https:\/\/institutlactic.cat\/es\/#website\"},\"primaryImageOfPage\":{\"@id\":\"https:\/\/institutlactic.cat\/es\/cultura-lactea\/#primaryimage\"},\"image\":{\"@id\":\"https:\/\/institutlactic.cat\/es\/cultura-lactea\/#primaryimage\"},\"thumbnailUrl\":\"https:\/\/institutlactic.cat\/wp-content\/uploads\/2024\/10\/CulturaLactica-scaled.jpg\",\"datePublished\":\"2024-10-24T09:42:18+00:00\",\"dateModified\":\"2024-11-21T10:48:17+00:00\",\"breadcrumb\":{\"@id\":\"https:\/\/institutlactic.cat\/es\/cultura-lactea\/#breadcrumb\"},\"inLanguage\":\"es\",\"potentialAction\":[{\"@type\":\"ReadAction\",\"target\":[\"https:\/\/institutlactic.cat\/es\/cultura-lactea\/\"]}]},{\"@type\":\"ImageObject\",\"inLanguage\":\"es\",\"@id\":\"https:\/\/institutlactic.cat\/es\/cultura-lactea\/#primaryimage\",\"url\":\"https:\/\/institutlactic.cat\/wp-content\/uploads\/2024\/10\/CulturaLactica-scaled.jpg\",\"contentUrl\":\"https:\/\/institutlactic.cat\/wp-content\/uploads\/2024\/10\/CulturaLactica-scaled.jpg\",\"width\":2560,\"height\":1707},{\"@type\":\"BreadcrumbList\",\"@id\":\"https:\/\/institutlactic.cat\/es\/cultura-lactea\/#breadcrumb\",\"itemListElement\":[{\"@type\":\"ListItem\",\"position\":1,\"name\":\"Portada\",\"item\":\"https:\/\/institutlactic.cat\/es\/\"},{\"@type\":\"ListItem\",\"position\":2,\"name\":\"Cultura L\u00e1ctea\"}]},{\"@type\":\"WebSite\",\"@id\":\"https:\/\/institutlactic.cat\/es\/#website\",\"url\":\"https:\/\/institutlactic.cat\/es\/\",\"name\":\"Institut L\u00e0ctic de Catalunya\",\"description\":\"\u201cLa cultura l\u00e0ctica de casa nostra\u201d\",\"publisher\":{\"@id\":\"https:\/\/institutlactic.cat\/es\/#organization\"},\"alternateName\":\"Institut L\u00e0ctic de Catalunya\",\"potentialAction\":[{\"@type\":\"SearchAction\",\"target\":{\"@type\":\"EntryPoint\",\"urlTemplate\":\"https:\/\/institutlactic.cat\/es\/?s={search_term_string}\"},\"query-input\":{\"@type\":\"PropertyValueSpecification\",\"valueRequired\":true,\"valueName\":\"search_term_string\"}}],\"inLanguage\":\"es\"},{\"@type\":\"Organization\",\"@id\":\"https:\/\/institutlactic.cat\/es\/#organization\",\"name\":\"Institut L\u00e0ctic de Catalunya\",\"alternateName\":\"Institut L\u00e0ctic de Catalunya\",\"url\":\"https:\/\/institutlactic.cat\/es\/\",\"logo\":{\"@type\":\"ImageObject\",\"inLanguage\":\"es\",\"@id\":\"https:\/\/institutlactic.cat\/es\/#\/schema\/logo\/image\/\",\"url\":\"https:\/\/institutlactic.cat\/wp-content\/uploads\/2024\/10\/Logo-Institut-Lactic-de-Catalunya-shadow.png\",\"contentUrl\":\"https:\/\/institutlactic.cat\/wp-content\/uploads\/2024\/10\/Logo-Institut-Lactic-de-Catalunya-shadow.png\",\"width\":590,\"height\":590,\"caption\":\"Institut L\u00e0ctic de Catalunya\"},\"image\":{\"@id\":\"https:\/\/institutlactic.cat\/es\/#\/schema\/logo\/image\/\"},\"sameAs\":[\"https:\/\/www.facebook.com\/people\/Institut-Lctic-de-Catalunya\/61563448507280\/\",\"https:\/\/x.com\/institutlactic\",\"https:\/\/www.instagram.com\/institutlactic\/\",\"https:\/\/www.linkedin.com\/company\/102287790\/admin\/dashboard\/\",\"https:\/\/www.tiktok.com\/@institutlactic?_t=8qMvYBGolHs&_r=1\",\"https:\/\/www.youtube.com\/@InstitutLctic\"]}]}<\/script>\n<!-- \/ Yoast SEO plugin. -->","yoast_head_json":{"title":"Cultura L\u00e1ctea - Institut L\u00e0ctic de Catalunya","robots":{"index":"index","follow":"follow","max-snippet":"max-snippet:-1","max-image-preview":"max-image-preview:large","max-video-preview":"max-video-preview:-1"},"canonical":"https:\/\/institutlactic.cat\/es\/cultura-lactea\/","og_locale":"es_ES","og_type":"article","og_title":"Cultura L\u00e1ctea - Institut L\u00e0ctic de Catalunya","og_description":"[vc_section full_width=&#8221;stretch_row&#8221; css=&#8221;.vc_custom_1730097817196{background-image: url(https:\/\/institutlactic.cat\/wp-content\/uploads\/2024\/10\/CulturaLactica-scaled.jpg?id=148) !important;background-position: center !important;background-repeat: no-repeat !important;background-size: cover !important;}&#8221;][vc_row][vc_column][vc_empty_space height=&#8221;200px&#8221;][vc_empty_space height=&#8221;300px&#8221; el_class=&#8221;vc_hidden-xs&#8221;][\/vc_column][\/vc_row][\/vc_section][vc_section full_width=&#8221;stretch_row&#8221;][vc_row][vc_column][vc_empty_space height=&#8221;65px&#8221;][vc_column_text css_animation=&#8221;fadeInUp&#8221; css=&#8221;&#8221;] Cultura L\u00e1ctea [\/vc_column_text][vc_column_text css=&#8221;&#8221; el_class=&#8221;txt-main&#8221;]El sector l\u00e1cteo catal\u00e1n es estrat\u00e9gico para el territorio, s\u00edmbolo de identidad y\u00a0tradici\u00f3n y, al mismo tiempo, polo de atracci\u00f3n de un turismo regenerativo, que tiene en cuenta la cultura de a\u00f1os y ... +","og_url":"https:\/\/institutlactic.cat\/es\/cultura-lactea\/","og_site_name":"Institut L\u00e0ctic de Catalunya","article_publisher":"https:\/\/www.facebook.com\/people\/Institut-Lctic-de-Catalunya\/61563448507280\/","article_modified_time":"2024-11-21T10:48:17+00:00","og_image":[{"width":2560,"height":1707,"url":"https:\/\/institutlactic.cat\/wp-content\/uploads\/2024\/10\/CulturaLactica-scaled.jpg","type":"image\/jpeg"}],"twitter_card":"summary_large_image","twitter_site":"@institutlactic","twitter_misc":{"Tiempo de lectura":"8 minutos"},"schema":{"@context":"https:\/\/schema.org","@graph":[{"@type":"WebPage","@id":"https:\/\/institutlactic.cat\/es\/cultura-lactea\/","url":"https:\/\/institutlactic.cat\/es\/cultura-lactea\/","name":"Cultura L\u00e1ctea - Institut L\u00e0ctic de Catalunya","isPartOf":{"@id":"https:\/\/institutlactic.cat\/es\/#website"},"primaryImageOfPage":{"@id":"https:\/\/institutlactic.cat\/es\/cultura-lactea\/#primaryimage"},"image":{"@id":"https:\/\/institutlactic.cat\/es\/cultura-lactea\/#primaryimage"},"thumbnailUrl":"https:\/\/institutlactic.cat\/wp-content\/uploads\/2024\/10\/CulturaLactica-scaled.jpg","datePublished":"2024-10-24T09:42:18+00:00","dateModified":"2024-11-21T10:48:17+00:00","breadcrumb":{"@id":"https:\/\/institutlactic.cat\/es\/cultura-lactea\/#breadcrumb"},"inLanguage":"es","potentialAction":[{"@type":"ReadAction","target":["https:\/\/institutlactic.cat\/es\/cultura-lactea\/"]}]},{"@type":"ImageObject","inLanguage":"es","@id":"https:\/\/institutlactic.cat\/es\/cultura-lactea\/#primaryimage","url":"https:\/\/institutlactic.cat\/wp-content\/uploads\/2024\/10\/CulturaLactica-scaled.jpg","contentUrl":"https:\/\/institutlactic.cat\/wp-content\/uploads\/2024\/10\/CulturaLactica-scaled.jpg","width":2560,"height":1707},{"@type":"BreadcrumbList","@id":"https:\/\/institutlactic.cat\/es\/cultura-lactea\/#breadcrumb","itemListElement":[{"@type":"ListItem","position":1,"name":"Portada","item":"https:\/\/institutlactic.cat\/es\/"},{"@type":"ListItem","position":2,"name":"Cultura L\u00e1ctea"}]},{"@type":"WebSite","@id":"https:\/\/institutlactic.cat\/es\/#website","url":"https:\/\/institutlactic.cat\/es\/","name":"Institut L\u00e0ctic de Catalunya","description":"\u201cLa cultura l\u00e0ctica de casa nostra\u201d","publisher":{"@id":"https:\/\/institutlactic.cat\/es\/#organization"},"alternateName":"Institut L\u00e0ctic de Catalunya","potentialAction":[{"@type":"SearchAction","target":{"@type":"EntryPoint","urlTemplate":"https:\/\/institutlactic.cat\/es\/?s={search_term_string}"},"query-input":{"@type":"PropertyValueSpecification","valueRequired":true,"valueName":"search_term_string"}}],"inLanguage":"es"},{"@type":"Organization","@id":"https:\/\/institutlactic.cat\/es\/#organization","name":"Institut L\u00e0ctic de Catalunya","alternateName":"Institut L\u00e0ctic de Catalunya","url":"https:\/\/institutlactic.cat\/es\/","logo":{"@type":"ImageObject","inLanguage":"es","@id":"https:\/\/institutlactic.cat\/es\/#\/schema\/logo\/image\/","url":"https:\/\/institutlactic.cat\/wp-content\/uploads\/2024\/10\/Logo-Institut-Lactic-de-Catalunya-shadow.png","contentUrl":"https:\/\/institutlactic.cat\/wp-content\/uploads\/2024\/10\/Logo-Institut-Lactic-de-Catalunya-shadow.png","width":590,"height":590,"caption":"Institut L\u00e0ctic de Catalunya"},"image":{"@id":"https:\/\/institutlactic.cat\/es\/#\/schema\/logo\/image\/"},"sameAs":["https:\/\/www.facebook.com\/people\/Institut-Lctic-de-Catalunya\/61563448507280\/","https:\/\/x.com\/institutlactic","https:\/\/www.instagram.com\/institutlactic\/","https:\/\/www.linkedin.com\/company\/102287790\/admin\/dashboard\/","https:\/\/www.tiktok.com\/@institutlactic?_t=8qMvYBGolHs&_r=1","https:\/\/www.youtube.com\/@InstitutLctic"]}]}},"_links":{"self":[{"href":"https:\/\/institutlactic.cat\/es\/wp-json\/wp\/v2\/pages\/1204","targetHints":{"allow":["GET"]}}],"collection":[{"href":"https:\/\/institutlactic.cat\/es\/wp-json\/wp\/v2\/pages"}],"about":[{"href":"https:\/\/institutlactic.cat\/es\/wp-json\/wp\/v2\/types\/page"}],"author":[{"embeddable":true,"href":"https:\/\/institutlactic.cat\/es\/wp-json\/wp\/v2\/users\/4"}],"replies":[{"embeddable":true,"href":"https:\/\/institutlactic.cat\/es\/wp-json\/wp\/v2\/comments?post=1204"}],"version-history":[{"count":7,"href":"https:\/\/institutlactic.cat\/es\/wp-json\/wp\/v2\/pages\/1204\/revisions"}],"predecessor-version":[{"id":1398,"href":"https:\/\/institutlactic.cat\/es\/wp-json\/wp\/v2\/pages\/1204\/revisions\/1398"}],"wp:featuredmedia":[{"embeddable":true,"href":"https:\/\/institutlactic.cat\/es\/wp-json\/wp\/v2\/media\/1027"}],"wp:attachment":[{"href":"https:\/\/institutlactic.cat\/es\/wp-json\/wp\/v2\/media?parent=1204"}],"curies":[{"name":"wp","href":"https:\/\/api.w.org\/{rel}","templated":true}]}}