{"id":1198,"date":"2024-10-27T18:10:39","date_gmt":"2024-10-27T17:10:39","guid":{"rendered":"https:\/\/institutlactic.cat\/politica-privacitat\/"},"modified":"2025-02-06T12:25:09","modified_gmt":"2025-02-06T11:25:09","slug":"politica-privacidad","status":"publish","type":"page","link":"https:\/\/institutlactic.cat\/es\/politica-privacidad\/","title":{"rendered":"Pol\u00edtica de Privacidad"},"content":{"rendered":"<div class=\"wpb-content-wrapper\"><p>[vc_section][vc_row][vc_column][vc_column_text css=&#8221;&#8221;]A efecto del previsto en el Reglamento (UE) 2016\/679, del Parlamento Europeo y del Consejo, de 27 de abril del 2016, INSTITUT L\u00c0CTIC DE CATALUNYA (ahora en adelante, el Responsable) con NIF G13831474 informa al Usuario que sus datos de car\u00e1cter personal ser\u00e1n tratados con la finalidad de prestarle los servicios solicitados y enviarle la informaci\u00f3n sobre nuestra empresa que pueda ser de su inter\u00e9s.<\/p>\n<p><u>Responsable del tratamiento<\/u><\/p>\n<p>La empresa responsable del tratamiento de sus datos en virtud de esta Pol\u00edtica de Privacidad es:<\/p>\n<p><strong>INSTITUT L\u00c0CTIC DE CATALUNYA<\/strong><\/p>\n<p><strong><b>NIF:<\/b><\/strong><strong><b>\u00a0<\/b><\/strong><strong><b>G13831474<\/b><\/strong><\/p>\n<p><strong>Domicilio: ESCOLA AGR\u00c0RIA DEL PIRINEU, FINCA DE LES COLOMINES DE BELLESTAR, 25712, MONTFERRER I CASTELLB\u00d3, LLEIDA<\/strong><\/p>\n<p><strong>Direcci\u00f3n de correo electr\u00f3nico: <\/strong><a href=\"mailto:info@institutlactic.cat\"><strong>info@institutlactic.cat<\/strong><\/a><strong>\u00a0Web: <\/strong><a href=\"https:\/\/institutlactic.cat\/es\/\"><strong>www.institutlactic.cat<\/strong><\/a><\/p>\n<p><u>Base jur\u00eddica del tratamiento<\/u><\/p>\n<p>El RESPONSABLE tratar\u00e1 los datos personales del usuario en base al consentimiento expreso que \u00e9ste otorga una vez le\u00edda la Pol\u00edtica de privacidad, en atenci\u00f3n al art\u00edculo 6.1.a) Reglamento UE 2016\/679 de Protecci\u00f3n de datos personales.<\/p>\n<p><u>Env\u00edo y registro de datos de car\u00e1cter personal<\/u><\/p>\n<p>El env\u00edo de datos de car\u00e1cter personal es obligatorio para contactar y recibir informaci\u00f3n sobre los servicios prestados por el Responsable. As\u00ed mismo, el no facilitar los datos personales solicitados o el no aceptar la presente pol\u00edtica de protecci\u00f3n de datos supone la imposibilidad de subscribirse, registrarse o recibir informaci\u00f3n de estos servicios.<\/p>\n<p>Cuando los datos de car\u00e1cter personal sean obtenidos del afectado a trav\u00e9s de redes de comunicaciones electr\u00f3nicas o en el marco de la prestaci\u00f3n de un servicio de la sociedad de la informaci\u00f3n, as\u00ed como en aquellos otros supuestos expresamente establecidos por la ley o cuando as\u00ed lo autorice la Agencia Espa\u00f1ola de Protecci\u00f3n de Datos, el responsable del tratamiento podr\u00e1 dar. afectado almenos la informaci\u00f3n b\u00e1sica siguiente:<\/p>\n<ol>\n<li>La identidad del responsable del tratamiento y de su representante, en su caso.<\/li>\n<li>La finalidad del tratamiento.<\/li>\n<li>La\u00a0manera\u00a0en\u00a0que\u00a0el\u00a0afectado\u00a0podr\u00e1\u00a0ejercitar\u00a0los\u00a0derechos\u00a0establecidos\u00a0en\u00a0los art\u00edculos 15 a 22 del Reglamento (UE) 2016\/679.<\/li>\n<\/ol>\n<p>Sin embargo, los responsables y encargados del tratamiento o, en su caso, sus representantes deber\u00e1n mantener el registro de actividades de tratamiento a que se refiere el art\u00edculo 30 del Reglamento (UE) 2016\/679, a menos que la empresa o organizaci\u00f3n ocupen menos de 250 personas, con la excepci\u00f3n de que el tratamiento que realice pueda suponer un riesgo para los derechos y libertades de los interesados, no sea ocasional, o incluya categor\u00edas especiales de datos personales indicados en el art\u00edculo 9, apartado 1, o datos personales relativos a condenas e infracciones penales a que se refiere el art\u00edculo 10 del Reglamento (UE) 2016\/679.<\/p>\n<p>Finalmente, el art\u00edculo 5.1.f) del Reglamento (UE) 2016\/679 determina la necesidad de establecer garant\u00edas de seguridad adecuadas contra el tratamiento no autorizado o il\u00edcito, contra la p\u00e9rdida de los datos personales, la destrucci\u00f3n o el da\u00f1o accidental. Esto implica el establecimiento de medidas t\u00e9cnicas y organizativas encaminadas a asegurar la integridad y confidencialidad de los datos personales y la posibilidad (art\u00edculo 5.2) de demostrar que estas medidas se han llevado a la pr\u00e1ctica (responsabilidad proactiva).<\/p>\n<p><u>Newsletter <\/u><\/p>\n<p>De acuerdo con lo que establece la normativa vigente de Protecci\u00f3n de Datos de Car\u00e1cter Personal, le informamos que el correo electr\u00f3nico que nos ha proporcionado ser\u00e1 tratado de manera adecuada bajo la responsabilidad de la FUNDACI\u00d3 INSTITUT L\u00c0CTIC DE CATALUNYA con el fin de tramitar su solicitud de suscripci\u00f3n y poder enviarle peri\u00f3dicamente nuestro Newsletter.<\/p>\n<p>Asimismo, le informamos de la posibilidad de ejercer los siguientes derechos sobre sus datos personales: derecho de acceso, rectificaci\u00f3n, supresi\u00f3n o olvido, limitaci\u00f3n, oposici\u00f3n, portabilidad y a retirar el consentimiento otorgado. Para ello podr\u00e1 enviar un correo electr\u00f3nico a: <a href=\"mailto:info@institutlactic.cat\">info@institutlactic.cat<\/a>.<\/p>\n<p>Mientras tanto, hasta que nos comunique lo contrario, entenderemos que sus datos no han sido modificados, que usted se compromete a notificarnos cualquier variaci\u00f3n y que, de acuerdo con el art\u00edculo 21.1 de la Ley 34\/2002, de 11 de julio, de servicios de la sociedad de la informaci\u00f3n y comercio electr\u00f3nico, realizada su solicitud de suscripci\u00f3n, contamos con su consentimiento para el tratamiento de sus datos, de acuerdo con los fines mencionados.<\/p>\n<p>Asimismo, le informamos que podr\u00e1 revocar en cualquier momento el consentimiento otorgado, cancelando su suscripci\u00f3n al Newsletter, enviando un correo electr\u00f3nico a la direcci\u00f3n de correo electr\u00f3nico <a href=\"mailto:info@institutlactic.cat\">info@institutlactic.cat<\/a>.<\/p>\n<p>La confirmaci\u00f3n de la suscripci\u00f3n implica la aceptaci\u00f3n de esta cl\u00e1usula.<\/p>\n<p><u>Cesi\u00f3n o comunicaci\u00f3n de datos personales y transferencias internacionales<\/u><\/p>\n<p>El Responsable no ceder\u00e1 los datos personales a terceros. No obstante, en el caso de ser cedidos a alg\u00fan tercero se producir\u00eda una informaci\u00f3n previa solicitando el consentimiento expreso del afectado en virtud del art\u00edculo 4.11 del Reglamento (UE) 2016\/679 de 27 de abril del 2016.<\/p>\n<p>No est\u00e1n previstas transferencias de datos a terceros pa\u00edses.<\/p>\n<p><u>Exactitud<\/u><u>\u00a0<\/u><u>y<\/u><u>\u00a0<\/u><u>veracidad<\/u><u>\u00a0<\/u><u>de<\/u><u>\u00a0<\/u><u>los<\/u><u>\u00a0<\/u><u>datos<\/u><u>\u00a0facilitados.<\/u><\/p>\n<p>El Usuario que env\u00eda la informaci\u00f3n al Responsable es el \u00fanico responsable de la veracidad y correcci\u00f3n de los datos incluidos, exoner\u00e1ndose el Responsable de cualquier responsabilidad sobre este tema.<\/p>\n<p>Los usuarios garantizan y responden, en cualquier caso, de la exactitud, vigencia y autenticidad de los datos personales facilitados, y se comprometen a mantenerlos debidamente actualizados. El Usuario acepta proporcionar informaci\u00f3n completa y correcta en el formulario de registro o suscripci\u00f3n.<\/p>\n<p>El Responsable no responde de la veracidad de las informaciones que no sean de elaboraci\u00f3n propia y de las cuales se indique otra fuente, por lo cual tampoco asume responsabilidad alguna en cuanto a hipot\u00e9ticos perjuicios que pudieran originarse por el uso de esta informaci\u00f3n. Se exonera al Responsable de responsabilidad ante cualquier da\u00f1o o perjuicio que pudiera sufrir el Usuario como consecuencia de errores, defectos u omisiones, en la informaci\u00f3n facilitada por el Responsable siempre que proceda de fuentes ajenas a el Responsable.<\/p>\n<p><u>Conservaci\u00f3n<\/u><u>\u00a0<\/u><u>de<\/u><u>\u00a0<\/u><u>los<\/u><u>\u00a0<\/u><u>datos<\/u><\/p>\n<p>En cualquier caso, el tiempo de conservaci\u00f3n ser\u00e1 el indispensable, debi\u00e9ndose de mantener como m\u00ednimo:<\/p>\n<ul>\n<li>4 a\u00f1os: Ley sobre Infracciones y Sanciones en el Orden Social (obligaciones en materia de afiliaci\u00f3n, altas, bajas, cotizaci\u00f3n, pago de salarios\u2026); Arts. 66 y sig. Ley General Tributaria (libros de contabilidad\u2026)<\/li>\n<li>5 a\u00f1os: Art. 1964 C\u00f3digo Civil (acciones personales sin plazo especial)<\/li>\n<li>6 a\u00f1os: Art. 30 C\u00f3digo de Comercio (libros de contabilidad, facturas\u2026)<\/li>\n<li>10 a\u00f1os: Art. 25 Ley de Prevenci\u00f3n del Blanqueo de Capitales y Financiaci\u00f3n del Terrorismo.<\/li>\n<\/ul>\n<p><u>Ejercicio de derechos de acceso, rectificaci\u00f3n, supresi\u00f3n, limitaci\u00f3n, portabilidad y oposici\u00f3n<\/u><\/p>\n<p>Podr\u00e1 dirigir sus comunicaciones y ejercitar los derechos de acceso, rectificaci\u00f3n, supresi\u00f3n, limitaci\u00f3n, portabilidad y oposici\u00f3n a trav\u00e9s de correo postal al Responsable ESCOLA AGR\u00c0RIA DEL PIRINEU, FINCA DE LES COLOMINES DE BELLESTAR, 25712, MONTFERRER I CASTELLB\u00d3, LLEIDA o al email: <a href=\"mailto:info@institutlactic.cat\">info@institutlactic.cat<\/a> junto con prueba v\u00e1lida en derecho, como fotocopia del D.N.I. e indicando en el asunto &#8220;PROTECCI\u00d3N DE DATOS&#8221;.<\/p>\n<p>Asimismo, puede dirigirse a la Autoridad de Control en materia de Protecci\u00f3n de Datos competente para obtener informaci\u00f3n adicional o presentar una reclamaci\u00f3n.<\/p>\n<p><u>Aceptaci\u00f3n y consentimiento<\/u><\/p>\n<p>El Usuario declara haber sido informado de las condiciones sobre protecci\u00f3n de datos de car\u00e1cter personal, aceptando y consintiendo el tratamiento de las mismas por parte del Responsable, en la forma y para las finalidades indicadas en la presente Pol\u00edtica de Protecci\u00f3n de Datos Personales.<\/p>\n<p><u>Cambios en la presente pol\u00edtica de privacidad.<\/u><\/p>\n<p>El Responsable se reserva el derecho a modificar la presente pol\u00edtica para adaptarla a novedades legislativas o jurisprudenciales, as\u00ed como a pr\u00e1cticas de la industria. En dichos supuestos, el Responsable anunciar\u00e1 en esta p\u00e1gina los cambios introducidos con razonable antelaci\u00f3n a su puesta en pr\u00e1ctica.[\/vc_column_text][\/vc_column][\/vc_row][\/vc_section]<\/p>\n<\/div>","protected":false},"excerpt":{"rendered":"<p>[vc_section][vc_row][vc_column][vc_column_text css=&#8221;&#8221;]A efecto del previsto en el Reglamento (UE) 2016\/679, del Parlamento Europeo y del Consejo, de 27 de abril del 2016, INSTITUT L\u00c0CTIC DE CATALUNYA (ahora en adelante, el Responsable) con NIF G13831474 informa al Usuario que sus datos de car\u00e1cter personal ser\u00e1n tratados con la finalidad de prestarle los servicios solicitados y enviarle &#8230; <a title=\"Pol\u00edtica de Privacidad\" class=\"read-more\" href=\"https:\/\/institutlactic.cat\/es\/politica-privacidad\/\" aria-label=\"Leer m\u00e1s sobre Pol\u00edtica de Privacidad\">+<\/a><\/p>\n","protected":false},"author":4,"featured_media":1084,"parent":0,"menu_order":0,"comment_status":"closed","ping_status":"closed","template":"","meta":{"_acf_changed":false,"inline_featured_image":false,"footnotes":""},"class_list":["post-1198","page","type-page","status-publish","has-post-thumbnail"],"acf":[],"yoast_head":"<!-- This site is optimized with the Yoast SEO plugin v26.2 - https:\/\/yoast.com\/wordpress\/plugins\/seo\/ -->\n<title>Pol\u00edtica de Privacidad - Institut L\u00e0ctic de Catalunya<\/title>\n<meta name=\"robots\" content=\"noindex, nofollow\" \/>\n<meta property=\"og:locale\" content=\"es_ES\" \/>\n<meta property=\"og:type\" content=\"article\" \/>\n<meta property=\"og:title\" content=\"Pol\u00edtica de Privacidad - Institut L\u00e0ctic de Catalunya\" \/>\n<meta property=\"og:description\" content=\"[vc_section][vc_row][vc_column][vc_column_text css=&#8221;&#8221;]A efecto del previsto en el Reglamento (UE) 2016\/679, del Parlamento Europeo y del Consejo, de 27 de abril del 2016, INSTITUT L\u00c0CTIC DE CATALUNYA (ahora en adelante, el Responsable) con NIF G13831474 informa al Usuario que sus datos de car\u00e1cter personal ser\u00e1n tratados con la finalidad de prestarle los servicios solicitados y enviarle ... +\" \/>\n<meta property=\"og:url\" content=\"https:\/\/institutlactic.cat\/es\/politica-privacidad\/\" \/>\n<meta property=\"og:site_name\" content=\"Institut L\u00e0ctic de Catalunya\" \/>\n<meta property=\"article:publisher\" content=\"https:\/\/www.facebook.com\/people\/Institut-Lctic-de-Catalunya\/61563448507280\/\" \/>\n<meta property=\"article:modified_time\" content=\"2025-02-06T11:25:09+00:00\" \/>\n<meta property=\"og:image\" content=\"https:\/\/institutlactic.cat\/wp-content\/uploads\/2024\/10\/Logo-Institut-Lactic-de-Catalunya-shadow.png\" \/>\n\t<meta property=\"og:image:width\" content=\"590\" \/>\n\t<meta property=\"og:image:height\" content=\"590\" \/>\n\t<meta property=\"og:image:type\" content=\"image\/png\" \/>\n<meta name=\"twitter:card\" content=\"summary_large_image\" \/>\n<meta name=\"twitter:site\" content=\"@institutlactic\" \/>\n<meta name=\"twitter:label1\" content=\"Tiempo de lectura\" \/>\n\t<meta name=\"twitter:data1\" content=\"7 minutos\" \/>\n<script type=\"application\/ld+json\" class=\"yoast-schema-graph\">{\"@context\":\"https:\/\/schema.org\",\"@graph\":[{\"@type\":\"WebPage\",\"@id\":\"https:\/\/institutlactic.cat\/es\/politica-privacidad\/\",\"url\":\"https:\/\/institutlactic.cat\/es\/politica-privacidad\/\",\"name\":\"Pol\u00edtica de Privacidad - Institut L\u00e0ctic de Catalunya\",\"isPartOf\":{\"@id\":\"https:\/\/institutlactic.cat\/es\/#website\"},\"primaryImageOfPage\":{\"@id\":\"https:\/\/institutlactic.cat\/es\/politica-privacidad\/#primaryimage\"},\"image\":{\"@id\":\"https:\/\/institutlactic.cat\/es\/politica-privacidad\/#primaryimage\"},\"thumbnailUrl\":\"https:\/\/institutlactic.cat\/wp-content\/uploads\/2024\/10\/Logo-Institut-Lactic-de-Catalunya-shadow.png\",\"datePublished\":\"2024-10-27T17:10:39+00:00\",\"dateModified\":\"2025-02-06T11:25:09+00:00\",\"breadcrumb\":{\"@id\":\"https:\/\/institutlactic.cat\/es\/politica-privacidad\/#breadcrumb\"},\"inLanguage\":\"es\",\"potentialAction\":[{\"@type\":\"ReadAction\",\"target\":[\"https:\/\/institutlactic.cat\/es\/politica-privacidad\/\"]}]},{\"@type\":\"ImageObject\",\"inLanguage\":\"es\",\"@id\":\"https:\/\/institutlactic.cat\/es\/politica-privacidad\/#primaryimage\",\"url\":\"https:\/\/institutlactic.cat\/wp-content\/uploads\/2024\/10\/Logo-Institut-Lactic-de-Catalunya-shadow.png\",\"contentUrl\":\"https:\/\/institutlactic.cat\/wp-content\/uploads\/2024\/10\/Logo-Institut-Lactic-de-Catalunya-shadow.png\",\"width\":590,\"height\":590},{\"@type\":\"BreadcrumbList\",\"@id\":\"https:\/\/institutlactic.cat\/es\/politica-privacidad\/#breadcrumb\",\"itemListElement\":[{\"@type\":\"ListItem\",\"position\":1,\"name\":\"Portada\",\"item\":\"https:\/\/institutlactic.cat\/es\/\"},{\"@type\":\"ListItem\",\"position\":2,\"name\":\"Pol\u00edtica de Privacidad\"}]},{\"@type\":\"WebSite\",\"@id\":\"https:\/\/institutlactic.cat\/es\/#website\",\"url\":\"https:\/\/institutlactic.cat\/es\/\",\"name\":\"Institut L\u00e0ctic de Catalunya\",\"description\":\"\u201cLa cultura l\u00e0ctica de casa nostra\u201d\",\"publisher\":{\"@id\":\"https:\/\/institutlactic.cat\/es\/#organization\"},\"alternateName\":\"Institut L\u00e0ctic de Catalunya\",\"potentialAction\":[{\"@type\":\"SearchAction\",\"target\":{\"@type\":\"EntryPoint\",\"urlTemplate\":\"https:\/\/institutlactic.cat\/es\/?s={search_term_string}\"},\"query-input\":{\"@type\":\"PropertyValueSpecification\",\"valueRequired\":true,\"valueName\":\"search_term_string\"}}],\"inLanguage\":\"es\"},{\"@type\":\"Organization\",\"@id\":\"https:\/\/institutlactic.cat\/es\/#organization\",\"name\":\"Institut L\u00e0ctic de Catalunya\",\"alternateName\":\"Institut L\u00e0ctic de Catalunya\",\"url\":\"https:\/\/institutlactic.cat\/es\/\",\"logo\":{\"@type\":\"ImageObject\",\"inLanguage\":\"es\",\"@id\":\"https:\/\/institutlactic.cat\/es\/#\/schema\/logo\/image\/\",\"url\":\"https:\/\/institutlactic.cat\/wp-content\/uploads\/2024\/10\/Logo-Institut-Lactic-de-Catalunya-shadow.png\",\"contentUrl\":\"https:\/\/institutlactic.cat\/wp-content\/uploads\/2024\/10\/Logo-Institut-Lactic-de-Catalunya-shadow.png\",\"width\":590,\"height\":590,\"caption\":\"Institut L\u00e0ctic de Catalunya\"},\"image\":{\"@id\":\"https:\/\/institutlactic.cat\/es\/#\/schema\/logo\/image\/\"},\"sameAs\":[\"https:\/\/www.facebook.com\/people\/Institut-Lctic-de-Catalunya\/61563448507280\/\",\"https:\/\/x.com\/institutlactic\",\"https:\/\/www.instagram.com\/institutlactic\/\",\"https:\/\/www.linkedin.com\/company\/102287790\/admin\/dashboard\/\",\"https:\/\/www.tiktok.com\/@institutlactic?_t=8qMvYBGolHs&_r=1\",\"https:\/\/www.youtube.com\/@InstitutLctic\"]}]}<\/script>\n<!-- \/ Yoast SEO plugin. -->","yoast_head_json":{"title":"Pol\u00edtica de Privacidad - Institut L\u00e0ctic de Catalunya","robots":{"index":"noindex","follow":"nofollow"},"og_locale":"es_ES","og_type":"article","og_title":"Pol\u00edtica de Privacidad - Institut L\u00e0ctic de Catalunya","og_description":"[vc_section][vc_row][vc_column][vc_column_text css=&#8221;&#8221;]A efecto del previsto en el Reglamento (UE) 2016\/679, del Parlamento Europeo y del Consejo, de 27 de abril del 2016, INSTITUT L\u00c0CTIC DE CATALUNYA (ahora en adelante, el Responsable) con NIF G13831474 informa al Usuario que sus datos de car\u00e1cter personal ser\u00e1n tratados con la finalidad de prestarle los servicios solicitados y enviarle ... +","og_url":"https:\/\/institutlactic.cat\/es\/politica-privacidad\/","og_site_name":"Institut L\u00e0ctic de Catalunya","article_publisher":"https:\/\/www.facebook.com\/people\/Institut-Lctic-de-Catalunya\/61563448507280\/","article_modified_time":"2025-02-06T11:25:09+00:00","og_image":[{"width":590,"height":590,"url":"https:\/\/institutlactic.cat\/wp-content\/uploads\/2024\/10\/Logo-Institut-Lactic-de-Catalunya-shadow.png","type":"image\/png"}],"twitter_card":"summary_large_image","twitter_site":"@institutlactic","twitter_misc":{"Tiempo de lectura":"7 minutos"},"schema":{"@context":"https:\/\/schema.org","@graph":[{"@type":"WebPage","@id":"https:\/\/institutlactic.cat\/es\/politica-privacidad\/","url":"https:\/\/institutlactic.cat\/es\/politica-privacidad\/","name":"Pol\u00edtica de Privacidad - Institut L\u00e0ctic de Catalunya","isPartOf":{"@id":"https:\/\/institutlactic.cat\/es\/#website"},"primaryImageOfPage":{"@id":"https:\/\/institutlactic.cat\/es\/politica-privacidad\/#primaryimage"},"image":{"@id":"https:\/\/institutlactic.cat\/es\/politica-privacidad\/#primaryimage"},"thumbnailUrl":"https:\/\/institutlactic.cat\/wp-content\/uploads\/2024\/10\/Logo-Institut-Lactic-de-Catalunya-shadow.png","datePublished":"2024-10-27T17:10:39+00:00","dateModified":"2025-02-06T11:25:09+00:00","breadcrumb":{"@id":"https:\/\/institutlactic.cat\/es\/politica-privacidad\/#breadcrumb"},"inLanguage":"es","potentialAction":[{"@type":"ReadAction","target":["https:\/\/institutlactic.cat\/es\/politica-privacidad\/"]}]},{"@type":"ImageObject","inLanguage":"es","@id":"https:\/\/institutlactic.cat\/es\/politica-privacidad\/#primaryimage","url":"https:\/\/institutlactic.cat\/wp-content\/uploads\/2024\/10\/Logo-Institut-Lactic-de-Catalunya-shadow.png","contentUrl":"https:\/\/institutlactic.cat\/wp-content\/uploads\/2024\/10\/Logo-Institut-Lactic-de-Catalunya-shadow.png","width":590,"height":590},{"@type":"BreadcrumbList","@id":"https:\/\/institutlactic.cat\/es\/politica-privacidad\/#breadcrumb","itemListElement":[{"@type":"ListItem","position":1,"name":"Portada","item":"https:\/\/institutlactic.cat\/es\/"},{"@type":"ListItem","position":2,"name":"Pol\u00edtica de Privacidad"}]},{"@type":"WebSite","@id":"https:\/\/institutlactic.cat\/es\/#website","url":"https:\/\/institutlactic.cat\/es\/","name":"Institut L\u00e0ctic de Catalunya","description":"\u201cLa cultura l\u00e0ctica de casa nostra\u201d","publisher":{"@id":"https:\/\/institutlactic.cat\/es\/#organization"},"alternateName":"Institut L\u00e0ctic de Catalunya","potentialAction":[{"@type":"SearchAction","target":{"@type":"EntryPoint","urlTemplate":"https:\/\/institutlactic.cat\/es\/?s={search_term_string}"},"query-input":{"@type":"PropertyValueSpecification","valueRequired":true,"valueName":"search_term_string"}}],"inLanguage":"es"},{"@type":"Organization","@id":"https:\/\/institutlactic.cat\/es\/#organization","name":"Institut L\u00e0ctic de Catalunya","alternateName":"Institut L\u00e0ctic de Catalunya","url":"https:\/\/institutlactic.cat\/es\/","logo":{"@type":"ImageObject","inLanguage":"es","@id":"https:\/\/institutlactic.cat\/es\/#\/schema\/logo\/image\/","url":"https:\/\/institutlactic.cat\/wp-content\/uploads\/2024\/10\/Logo-Institut-Lactic-de-Catalunya-shadow.png","contentUrl":"https:\/\/institutlactic.cat\/wp-content\/uploads\/2024\/10\/Logo-Institut-Lactic-de-Catalunya-shadow.png","width":590,"height":590,"caption":"Institut L\u00e0ctic de Catalunya"},"image":{"@id":"https:\/\/institutlactic.cat\/es\/#\/schema\/logo\/image\/"},"sameAs":["https:\/\/www.facebook.com\/people\/Institut-Lctic-de-Catalunya\/61563448507280\/","https:\/\/x.com\/institutlactic","https:\/\/www.instagram.com\/institutlactic\/","https:\/\/www.linkedin.com\/company\/102287790\/admin\/dashboard\/","https:\/\/www.tiktok.com\/@institutlactic?_t=8qMvYBGolHs&_r=1","https:\/\/www.youtube.com\/@InstitutLctic"]}]}},"_links":{"self":[{"href":"https:\/\/institutlactic.cat\/es\/wp-json\/wp\/v2\/pages\/1198","targetHints":{"allow":["GET"]}}],"collection":[{"href":"https:\/\/institutlactic.cat\/es\/wp-json\/wp\/v2\/pages"}],"about":[{"href":"https:\/\/institutlactic.cat\/es\/wp-json\/wp\/v2\/types\/page"}],"author":[{"embeddable":true,"href":"https:\/\/institutlactic.cat\/es\/wp-json\/wp\/v2\/users\/4"}],"replies":[{"embeddable":true,"href":"https:\/\/institutlactic.cat\/es\/wp-json\/wp\/v2\/comments?post=1198"}],"version-history":[{"count":7,"href":"https:\/\/institutlactic.cat\/es\/wp-json\/wp\/v2\/pages\/1198\/revisions"}],"predecessor-version":[{"id":1696,"href":"https:\/\/institutlactic.cat\/es\/wp-json\/wp\/v2\/pages\/1198\/revisions\/1696"}],"wp:featuredmedia":[{"embeddable":true,"href":"https:\/\/institutlactic.cat\/es\/wp-json\/wp\/v2\/media\/1084"}],"wp:attachment":[{"href":"https:\/\/institutlactic.cat\/es\/wp-json\/wp\/v2\/media?parent=1198"}],"curies":[{"name":"wp","href":"https:\/\/api.w.org\/{rel}","templated":true}]}}