{"id":1170,"date":"2024-10-27T18:10:47","date_gmt":"2024-10-27T17:10:47","guid":{"rendered":"https:\/\/institutlactic.cat\/galetes\/"},"modified":"2024-11-20T12:15:14","modified_gmt":"2024-11-20T11:15:14","slug":"cookies","status":"publish","type":"page","link":"https:\/\/institutlactic.cat\/es\/cookies\/","title":{"rendered":"Cookies"},"content":{"rendered":"<div class=\"wpb-content-wrapper\"><p>[vc_section][vc_row][vc_column][vc_column_text css=&#8221;&#8221;]INSTITUT L\u00c0CTIC DE CATALUNYA (ahora en adelante, el Responsable), a trav\u00e9s del presente documento, recoge su Pol\u00edtica de recogida y tratamiento de cookies, en cumplimiento del que dispone el art\u00edculo 22.2 de la Ley 34\/2002, de 11 de julio, de Servicios de la sociedad de la Informaci\u00f3n y de Comercio Electr\u00f3nico (LSSI-CE).<\/p>\n<p>Las cookies se almacenan al equipo terminal del usuario (ordenador o dispositivo m\u00f3vil) y recopilan informaci\u00f3n al visitar la p\u00e1gina web www.institutlactic.cat , con el fin de mejorar la usabilidad de la misma, conocer los h\u00e1bitos o necesidades de navegaci\u00f3n de los usuarios para poder adaptarse a los mismos, as\u00ed como obtener informaci\u00f3n con fines estad\u00edsticos. En el caso de aquellos usuarios que ya sean clientes del Responsable, la informaci\u00f3n recogida con las cookies servir\u00e1 tambi\u00e9n para su identificaci\u00f3n al acceder a las diferentes herramientas que el Responsable pone a su disposici\u00f3n para la gesti\u00f3n de los servicios.<\/p>\n<p>La presente Pol\u00edtica de cookies ser\u00e1 de aplicaci\u00f3n a aquellos usuarios que voluntariamente visiten las p\u00e1ginas web del Responsable, rellenen formularios de recogida de datos, accedan a las herramientas que el Responsable pone a disposici\u00f3n de sus clientes para gestionar sus servicios, o utilicen cualquiera otro servicio presente en el sitio web que implique la comunicaci\u00f3n de datos a el Responsable, o el acceso a datos por el Responsable para la prestaci\u00f3n de sus servicios.<\/p>\n<p>El Responsable informa los usuarios de sus p\u00e1ginas web, de la existencia de cookies y pone a su disposici\u00f3n la presente Pol\u00edtica con el fin de informarlos sobre el uso y del objeto de las mismas. El hecho de continuar la navegaci\u00f3n a trav\u00e9s de sus p\u00e1ginas, supone el conocimiento y la aceptaci\u00f3n de la presente Pol\u00edtica por parte de estos usuarios.<\/p>\n<p>El Responsable utiliza los siguientes tipos de cookies:<\/p>\n<p>Clasificadas seg\u00fan su <u>titularidad<\/u>:<\/p>\n<p>*Cookies propias: enviadas y gestionadas directamente por el Responsable.<\/p>\n<p>*Cookies de terceros: enviadas y gestionadas por un tercero ajeno a el Responsable, de forma an\u00f3nima, con el fin de realizar estudios estad\u00edsticos de navegaci\u00f3n por las p\u00e1ginas web del Responsable.<\/p>\n<p>Clasificadas seg\u00fan su <u>finalidad<\/u>:<\/p>\n<p>*Cookies t\u00e9cnicas y\/o de personalizaci\u00f3n: facilitan la navegaci\u00f3n al identificar la sesi\u00f3n, permitir el acceso a herramientas de acceso restringido, adem\u00e1s de configurar a medida las opciones disponibles. Posibilitan la prestaci\u00f3n del servicio solicitado previamente por el usuario.<\/p>\n<p>*Cookies de an\u00e1lisis y\/o publicidad: permiten conocer el n\u00famero de visitas recibidas en las diferentes secciones de las p\u00e1ginas web, los h\u00e1bitos y tendencias de sus usuarios y en consecuencia, poder mejorar la navegaci\u00f3n y el servicio ofrecido por el Responsable (fundamentalmente, Google Analytics*), as\u00ed como gestionar los espacios publicitarios incluidos en la p\u00e1gina web visitada por el usuario. Recoge datos de forma an\u00f3nima con el fin de obtener perfiles de navegaci\u00f3n de los usuarios.<\/p>\n<p>Clasificadas seg\u00fan su <u>duraci\u00f3n<\/u>:<\/p>\n<p>*Cookies de sesi\u00f3n: recogen y almacenan los datos mientras el usuario accede en la p\u00e1gina web.<\/p>\n<p>*Cookies persistentes: recaudan y almacenan los datos en el terminal del usuario durante un periodo de tiempo variable en funci\u00f3n de qu\u00e9 sea la finalidad para la cual han sido utilizadas.<\/p>\n<p>TIPO DE COOKIES UTILIZADAS PARA ESTE SITIO WEB<\/p>\n<table class=\"wt-cli-element cookielawinfo-classic cookielawinfo-row-cat-table\"><thead><tr><th scope=\"col\" class=\"cookielawinfo-column-1\">Cookie<\/th><th scope=\"col\" class=\"cookielawinfo-column-3\">Duraci\u00f3n<\/th><th scope=\"col\" class=\"cookielawinfo-column-4\">Descripci\u00f3n<\/th><\/thead><tbody><tr class=\"cookielawinfo-row-cat-title\"><th colspan=\"3\" class=\"cookielawinfo-row-cat-title-head\">Necesarias<\/th><\/tr><tr class=\"cookielawinfo-row\"><td class=\"cookielawinfo-column-1\">_wpfuuid<\/td><td class=\"cookielawinfo-column-3\">1 a\u00f1o 1 mes y 4 d\u00edas<\/td><td class=\"cookielawinfo-column-4\">Esta cookie es utilizada por el plugin WPForms Wordpress. La cookie se utiliza para permitir que la versi\u00f3n de pago del conector conecte entradas del mismo usuario y se utiliza para algunas funciones adicionales como el complemento de abandono de formularios.<\/td><\/tr><tr class=\"cookielawinfo-row\"><td class=\"cookielawinfo-column-1\">wpEmojiSettingsSupports<\/td><td class=\"cookielawinfo-column-3\">sesi\u00f3n<\/td><td class=\"cookielawinfo-column-4\">WordPress establece esta cookie cuando un usuario interact\u00faa con emojis en un sitio de WordPress. Ayuda a determinar si el navegador del usuario puede mostrar emojis correctamente.<\/td><\/tr><tr class=\"cookielawinfo-row\"><td class=\"cookielawinfo-column-1\">CookieLawInfoConsent<\/td><td class=\"cookielawinfo-column-3\">1 a\u00f1o<\/td><td class=\"cookielawinfo-column-4\">CookieYes establece esta cookie para registrar el estado del bot\u00f3n predeterminado de la categor\u00eda correspondiente y el estado de CCPA. Funciona s\u00f3lo en coordinaci\u00f3n con la cookie primaria.<\/td><\/tr><tr class=\"cookielawinfo-row\"><td class=\"cookielawinfo-column-1\">cookielawinfo-checkbox-advertisement<\/td><td class=\"cookielawinfo-column-3\">1 a\u00f1o<\/td><td class=\"cookielawinfo-column-4\">Establecida por el conector de consentimiento de cookies GDPR, esta cookie registra el consentimiento del usuario para las cookies en la categor\u00eda \"Publicidad\".<\/td><\/tr><tr class=\"cookielawinfo-row\"><td class=\"cookielawinfo-column-1\">cookielawinfo-checkbox-necessary<\/td><td class=\"cookielawinfo-column-3\">11 meses<\/td><td class=\"cookielawinfo-column-4\">Esta cookie la define el conector de consentimiento de cookies de GDPR. Las cookies se utilizan para almacenar el consentimiento del usuario para las cookies de la categor\u00eda \"Necesarias\".<\/td><\/tr><tr class=\"cookielawinfo-row\"><td class=\"cookielawinfo-column-1\">cookielawinfo-checkbox-functional<\/td><td class=\"cookielawinfo-column-3\">11 meses<\/td><td class=\"cookielawinfo-column-4\">La cookie la define el consentimiento de cookies de GDPR para registrar el consentimiento del usuario para las cookies de la categor\u00eda \"Funcionales\".<\/td><\/tr><tr class=\"cookielawinfo-row\"><td class=\"cookielawinfo-column-1\">cookielawinfo-checkbox-performance<\/td><td class=\"cookielawinfo-column-3\">11 meses<\/td><td class=\"cookielawinfo-column-4\">Esta cookie la define el conector de consentimiento de cookies de GDPR. La cookie se utiliza para almacenar el consentimiento del usuario para las cookies de la categor\u00eda \"Rendimiento\".<\/td><\/tr><tr class=\"cookielawinfo-row\"><td class=\"cookielawinfo-column-1\">cookielawinfo-checkbox-analytics<\/td><td class=\"cookielawinfo-column-3\">11 meses<\/td><td class=\"cookielawinfo-column-4\">Esta cookie la define el conector de consentimiento de cookies de GDPR. La cookie se utiliza para almacenar el consentimiento del usuario para las cookies de la categor\u00eda \"Anal\u00edtica\".<\/td><\/tr><tr class=\"cookielawinfo-row\"><td class=\"cookielawinfo-column-1\">cookielawinfo-checkbox-others<\/td><td class=\"cookielawinfo-column-3\">11 meses<\/td><td class=\"cookielawinfo-column-4\">Esta cookie la define el conector de consentimiento de cookies de GDPR. La cookie se utiliza para almacenar el consentimiento del usuario para las cookies de la categor\u00eda \"Otros\".<\/td><\/tr><tr class=\"cookielawinfo-row\"><td class=\"cookielawinfo-column-1\">viewed_cookie_policy<\/td><td class=\"cookielawinfo-column-3\">11 meses<\/td><td class=\"cookielawinfo-column-4\">La cookie la define el conector de consentimiento de cookies de GDPR y se utiliza para almacenar si el usuario ha consentido o no el uso de cookies. No guarda ning\u00fan dato personal.<\/td><\/tr><tr class=\"cookielawinfo-row-cat-title\"><th colspan=\"3\" class=\"cookielawinfo-row-cat-title-head\">An\u00e1lisis<\/th><\/tr><tr class=\"cookielawinfo-row\"><td class=\"cookielawinfo-column-1\">_ga<\/td><td class=\"cookielawinfo-column-3\">1 a\u00f1o 1 mes i 4 d\u00edas<\/td><td class=\"cookielawinfo-column-4\">Google Analytics establece esta cookie para calcular los datos de visitantes, sesiones y campa\u00f1as y realizar un seguimiento del uso del sitio para el informe de an\u00e1lisis del sitio. La cookie almacena informaci\u00f3n de forma an\u00f3nima y asigna un n\u00famero generado aleatoriamente por reconocer visitantes \u00fanicos.<\/td><\/tr><tr class=\"cookielawinfo-row\"><td class=\"cookielawinfo-column-1\">_ga_*<\/td><td class=\"cookielawinfo-column-3\">1 a\u00f1o 1 mes i 4 d\u00edas<\/td><td class=\"cookielawinfo-column-4\">Google Analytics establece esta cookie para almacenar y contar las vistas de la p\u00e1gina.<\/td><\/tr><\/tbody><\/table>\n<p>DESACTIVACI\u00d3N\/ACTIVACI\u00d3N Y ELIMINACI\u00d3N DE COOKIES<\/p>\n<div class=\"wt-cli-element cli_user_consent_state\"><\/div>\n<p>El tiempo de conservaci\u00f3n de las cookies depender\u00e1 del tipo de que se trate y siempre ser\u00e1 el m\u00ednimo indispensable para cumplir su finalidad.<\/p>\n<p>En cualquier caso, los usuarios pueden configurar su navegador, de forma que se desactive o bloquee la recepci\u00f3n de todas o algunas de las cookies. El hecho de no desear recibir estas cookies, no constituye un impedimento para poder acceder a la informaci\u00f3n de los sitios web del Responsable aunque el uso de algunos servicios podr\u00e1 ser limitado. Si una vez otorgado el consentimiento para la recepci\u00f3n de cookies se deseara retirarlo, se habr\u00e1n eliminar aquellas cookies almacenadas al equipo del usuario, a trav\u00e9s de las opciones de los diferentes navegadores.<\/p>\n<p>La forma de configurar los diferentes navegadores para ejercitar las acciones se\u00f1aladas en los p\u00e1rrafos anteriores, se puede consultar a:<\/p>\n<table>\n<tbody>\n<tr>\n<td width=\"582\">Explorer: <a href=\"https:\/\/support.microsoft.com\/es-es\/help\/17442\/windows-internet-explorer-delete-manage-cookies#ie%3Die-10\" target=\"_blank\" rel=\"noopener\">support.microsoft.com\/cookies<\/a><\/td>\n<\/tr>\n<tr>\n<td width=\"582\">Chrome: <a href=\"https:\/\/support.google.com\/chrome\/answer\/95647?hl=es\" target=\"_blank\" rel=\"noopener\">support.google.com\/cookies<\/a><\/td>\n<\/tr>\n<tr>\n<td width=\"582\">Firefox:<\/td>\n<\/tr>\n<tr>\n<td width=\"582\">Safari:<\/td>\n<\/tr>\n<tr>\n<td width=\"582\">Opera: <a href=\"https:\/\/help.opera.com\/es\/Windows\/11.50\/es-ES\/cookies.html\" target=\"_blank\" rel=\"noopener\"><u>help.opera.com\/cookies<\/u><\/a><\/td>\n<\/tr>\n<\/tbody>\n<\/table>\n<p>[\/vc_column_text][\/vc_column][\/vc_row][\/vc_section]<\/p>\n<\/div>","protected":false},"excerpt":{"rendered":"<p>[vc_section][vc_row][vc_column][vc_column_text css=&#8221;&#8221;]INSTITUT L\u00c0CTIC DE CATALUNYA (ahora en adelante, el Responsable), a trav\u00e9s del presente documento, recoge su Pol\u00edtica de recogida y tratamiento de cookies, en cumplimiento del que dispone el art\u00edculo 22.2 de la Ley 34\/2002, de 11 de julio, de Servicios de la sociedad de la Informaci\u00f3n y de Comercio Electr\u00f3nico (LSSI-CE). Las cookies &#8230; <a title=\"Cookies\" class=\"read-more\" href=\"https:\/\/institutlactic.cat\/es\/cookies\/\" aria-label=\"Leer m\u00e1s sobre Cookies\">+<\/a><\/p>\n","protected":false},"author":4,"featured_media":1084,"parent":0,"menu_order":0,"comment_status":"closed","ping_status":"closed","template":"","meta":{"_acf_changed":false,"inline_featured_image":false,"footnotes":""},"class_list":["post-1170","page","type-page","status-publish","has-post-thumbnail"],"acf":[],"yoast_head":"<!-- This site is optimized with the Yoast SEO plugin v26.2 - https:\/\/yoast.com\/wordpress\/plugins\/seo\/ -->\n<title>Cookies - Institut L\u00e0ctic de Catalunya<\/title>\n<meta name=\"robots\" content=\"noindex, nofollow\" \/>\n<meta property=\"og:locale\" content=\"es_ES\" \/>\n<meta property=\"og:type\" content=\"article\" \/>\n<meta property=\"og:title\" content=\"Cookies - Institut L\u00e0ctic de Catalunya\" \/>\n<meta property=\"og:description\" content=\"[vc_section][vc_row][vc_column][vc_column_text css=&#8221;&#8221;]INSTITUT L\u00c0CTIC DE CATALUNYA (ahora en adelante, el Responsable), a trav\u00e9s del presente documento, recoge su Pol\u00edtica de recogida y tratamiento de cookies, en cumplimiento del que dispone el art\u00edculo 22.2 de la Ley 34\/2002, de 11 de julio, de Servicios de la sociedad de la Informaci\u00f3n y de Comercio Electr\u00f3nico (LSSI-CE). Las cookies ... +\" \/>\n<meta property=\"og:url\" content=\"https:\/\/institutlactic.cat\/es\/cookies\/\" \/>\n<meta property=\"og:site_name\" content=\"Institut L\u00e0ctic de Catalunya\" \/>\n<meta property=\"article:publisher\" content=\"https:\/\/www.facebook.com\/people\/Institut-Lctic-de-Catalunya\/61563448507280\/\" \/>\n<meta property=\"article:modified_time\" content=\"2024-11-20T11:15:14+00:00\" \/>\n<meta property=\"og:image\" content=\"https:\/\/institutlactic.cat\/wp-content\/uploads\/2024\/10\/Logo-Institut-Lactic-de-Catalunya-shadow.png\" \/>\n\t<meta property=\"og:image:width\" content=\"590\" \/>\n\t<meta property=\"og:image:height\" content=\"590\" \/>\n\t<meta property=\"og:image:type\" content=\"image\/png\" \/>\n<meta name=\"twitter:card\" content=\"summary_large_image\" \/>\n<meta name=\"twitter:site\" content=\"@institutlactic\" \/>\n<meta name=\"twitter:label1\" content=\"Tiempo de lectura\" \/>\n\t<meta name=\"twitter:data1\" content=\"4 minutos\" \/>\n<script type=\"application\/ld+json\" class=\"yoast-schema-graph\">{\"@context\":\"https:\/\/schema.org\",\"@graph\":[{\"@type\":\"WebPage\",\"@id\":\"https:\/\/institutlactic.cat\/es\/cookies\/\",\"url\":\"https:\/\/institutlactic.cat\/es\/cookies\/\",\"name\":\"Cookies - Institut L\u00e0ctic de Catalunya\",\"isPartOf\":{\"@id\":\"https:\/\/institutlactic.cat\/es\/#website\"},\"primaryImageOfPage\":{\"@id\":\"https:\/\/institutlactic.cat\/es\/cookies\/#primaryimage\"},\"image\":{\"@id\":\"https:\/\/institutlactic.cat\/es\/cookies\/#primaryimage\"},\"thumbnailUrl\":\"https:\/\/institutlactic.cat\/wp-content\/uploads\/2024\/10\/Logo-Institut-Lactic-de-Catalunya-shadow.png\",\"datePublished\":\"2024-10-27T17:10:47+00:00\",\"dateModified\":\"2024-11-20T11:15:14+00:00\",\"breadcrumb\":{\"@id\":\"https:\/\/institutlactic.cat\/es\/cookies\/#breadcrumb\"},\"inLanguage\":\"es\",\"potentialAction\":[{\"@type\":\"ReadAction\",\"target\":[\"https:\/\/institutlactic.cat\/es\/cookies\/\"]}]},{\"@type\":\"ImageObject\",\"inLanguage\":\"es\",\"@id\":\"https:\/\/institutlactic.cat\/es\/cookies\/#primaryimage\",\"url\":\"https:\/\/institutlactic.cat\/wp-content\/uploads\/2024\/10\/Logo-Institut-Lactic-de-Catalunya-shadow.png\",\"contentUrl\":\"https:\/\/institutlactic.cat\/wp-content\/uploads\/2024\/10\/Logo-Institut-Lactic-de-Catalunya-shadow.png\",\"width\":590,\"height\":590},{\"@type\":\"BreadcrumbList\",\"@id\":\"https:\/\/institutlactic.cat\/es\/cookies\/#breadcrumb\",\"itemListElement\":[{\"@type\":\"ListItem\",\"position\":1,\"name\":\"Portada\",\"item\":\"https:\/\/institutlactic.cat\/es\/\"},{\"@type\":\"ListItem\",\"position\":2,\"name\":\"Cookies\"}]},{\"@type\":\"WebSite\",\"@id\":\"https:\/\/institutlactic.cat\/es\/#website\",\"url\":\"https:\/\/institutlactic.cat\/es\/\",\"name\":\"Institut L\u00e0ctic de Catalunya\",\"description\":\"\u201cLa cultura l\u00e0ctica de casa nostra\u201d\",\"publisher\":{\"@id\":\"https:\/\/institutlactic.cat\/es\/#organization\"},\"alternateName\":\"Institut L\u00e0ctic de Catalunya\",\"potentialAction\":[{\"@type\":\"SearchAction\",\"target\":{\"@type\":\"EntryPoint\",\"urlTemplate\":\"https:\/\/institutlactic.cat\/es\/?s={search_term_string}\"},\"query-input\":{\"@type\":\"PropertyValueSpecification\",\"valueRequired\":true,\"valueName\":\"search_term_string\"}}],\"inLanguage\":\"es\"},{\"@type\":\"Organization\",\"@id\":\"https:\/\/institutlactic.cat\/es\/#organization\",\"name\":\"Institut L\u00e0ctic de Catalunya\",\"alternateName\":\"Institut L\u00e0ctic de Catalunya\",\"url\":\"https:\/\/institutlactic.cat\/es\/\",\"logo\":{\"@type\":\"ImageObject\",\"inLanguage\":\"es\",\"@id\":\"https:\/\/institutlactic.cat\/es\/#\/schema\/logo\/image\/\",\"url\":\"https:\/\/institutlactic.cat\/wp-content\/uploads\/2024\/10\/Logo-Institut-Lactic-de-Catalunya-shadow.png\",\"contentUrl\":\"https:\/\/institutlactic.cat\/wp-content\/uploads\/2024\/10\/Logo-Institut-Lactic-de-Catalunya-shadow.png\",\"width\":590,\"height\":590,\"caption\":\"Institut L\u00e0ctic de Catalunya\"},\"image\":{\"@id\":\"https:\/\/institutlactic.cat\/es\/#\/schema\/logo\/image\/\"},\"sameAs\":[\"https:\/\/www.facebook.com\/people\/Institut-Lctic-de-Catalunya\/61563448507280\/\",\"https:\/\/x.com\/institutlactic\",\"https:\/\/www.instagram.com\/institutlactic\/\",\"https:\/\/www.linkedin.com\/company\/102287790\/admin\/dashboard\/\",\"https:\/\/www.tiktok.com\/@institutlactic?_t=8qMvYBGolHs&_r=1\",\"https:\/\/www.youtube.com\/@InstitutLctic\"]}]}<\/script>\n<!-- \/ Yoast SEO plugin. -->","yoast_head_json":{"title":"Cookies - Institut L\u00e0ctic de Catalunya","robots":{"index":"noindex","follow":"nofollow"},"og_locale":"es_ES","og_type":"article","og_title":"Cookies - Institut L\u00e0ctic de Catalunya","og_description":"[vc_section][vc_row][vc_column][vc_column_text css=&#8221;&#8221;]INSTITUT L\u00c0CTIC DE CATALUNYA (ahora en adelante, el Responsable), a trav\u00e9s del presente documento, recoge su Pol\u00edtica de recogida y tratamiento de cookies, en cumplimiento del que dispone el art\u00edculo 22.2 de la Ley 34\/2002, de 11 de julio, de Servicios de la sociedad de la Informaci\u00f3n y de Comercio Electr\u00f3nico (LSSI-CE). Las cookies ... +","og_url":"https:\/\/institutlactic.cat\/es\/cookies\/","og_site_name":"Institut L\u00e0ctic de Catalunya","article_publisher":"https:\/\/www.facebook.com\/people\/Institut-Lctic-de-Catalunya\/61563448507280\/","article_modified_time":"2024-11-20T11:15:14+00:00","og_image":[{"width":590,"height":590,"url":"https:\/\/institutlactic.cat\/wp-content\/uploads\/2024\/10\/Logo-Institut-Lactic-de-Catalunya-shadow.png","type":"image\/png"}],"twitter_card":"summary_large_image","twitter_site":"@institutlactic","twitter_misc":{"Tiempo de lectura":"4 minutos"},"schema":{"@context":"https:\/\/schema.org","@graph":[{"@type":"WebPage","@id":"https:\/\/institutlactic.cat\/es\/cookies\/","url":"https:\/\/institutlactic.cat\/es\/cookies\/","name":"Cookies - Institut L\u00e0ctic de Catalunya","isPartOf":{"@id":"https:\/\/institutlactic.cat\/es\/#website"},"primaryImageOfPage":{"@id":"https:\/\/institutlactic.cat\/es\/cookies\/#primaryimage"},"image":{"@id":"https:\/\/institutlactic.cat\/es\/cookies\/#primaryimage"},"thumbnailUrl":"https:\/\/institutlactic.cat\/wp-content\/uploads\/2024\/10\/Logo-Institut-Lactic-de-Catalunya-shadow.png","datePublished":"2024-10-27T17:10:47+00:00","dateModified":"2024-11-20T11:15:14+00:00","breadcrumb":{"@id":"https:\/\/institutlactic.cat\/es\/cookies\/#breadcrumb"},"inLanguage":"es","potentialAction":[{"@type":"ReadAction","target":["https:\/\/institutlactic.cat\/es\/cookies\/"]}]},{"@type":"ImageObject","inLanguage":"es","@id":"https:\/\/institutlactic.cat\/es\/cookies\/#primaryimage","url":"https:\/\/institutlactic.cat\/wp-content\/uploads\/2024\/10\/Logo-Institut-Lactic-de-Catalunya-shadow.png","contentUrl":"https:\/\/institutlactic.cat\/wp-content\/uploads\/2024\/10\/Logo-Institut-Lactic-de-Catalunya-shadow.png","width":590,"height":590},{"@type":"BreadcrumbList","@id":"https:\/\/institutlactic.cat\/es\/cookies\/#breadcrumb","itemListElement":[{"@type":"ListItem","position":1,"name":"Portada","item":"https:\/\/institutlactic.cat\/es\/"},{"@type":"ListItem","position":2,"name":"Cookies"}]},{"@type":"WebSite","@id":"https:\/\/institutlactic.cat\/es\/#website","url":"https:\/\/institutlactic.cat\/es\/","name":"Institut L\u00e0ctic de Catalunya","description":"\u201cLa cultura l\u00e0ctica de casa nostra\u201d","publisher":{"@id":"https:\/\/institutlactic.cat\/es\/#organization"},"alternateName":"Institut L\u00e0ctic de Catalunya","potentialAction":[{"@type":"SearchAction","target":{"@type":"EntryPoint","urlTemplate":"https:\/\/institutlactic.cat\/es\/?s={search_term_string}"},"query-input":{"@type":"PropertyValueSpecification","valueRequired":true,"valueName":"search_term_string"}}],"inLanguage":"es"},{"@type":"Organization","@id":"https:\/\/institutlactic.cat\/es\/#organization","name":"Institut L\u00e0ctic de Catalunya","alternateName":"Institut L\u00e0ctic de Catalunya","url":"https:\/\/institutlactic.cat\/es\/","logo":{"@type":"ImageObject","inLanguage":"es","@id":"https:\/\/institutlactic.cat\/es\/#\/schema\/logo\/image\/","url":"https:\/\/institutlactic.cat\/wp-content\/uploads\/2024\/10\/Logo-Institut-Lactic-de-Catalunya-shadow.png","contentUrl":"https:\/\/institutlactic.cat\/wp-content\/uploads\/2024\/10\/Logo-Institut-Lactic-de-Catalunya-shadow.png","width":590,"height":590,"caption":"Institut L\u00e0ctic de Catalunya"},"image":{"@id":"https:\/\/institutlactic.cat\/es\/#\/schema\/logo\/image\/"},"sameAs":["https:\/\/www.facebook.com\/people\/Institut-Lctic-de-Catalunya\/61563448507280\/","https:\/\/x.com\/institutlactic","https:\/\/www.instagram.com\/institutlactic\/","https:\/\/www.linkedin.com\/company\/102287790\/admin\/dashboard\/","https:\/\/www.tiktok.com\/@institutlactic?_t=8qMvYBGolHs&_r=1","https:\/\/www.youtube.com\/@InstitutLctic"]}]}},"_links":{"self":[{"href":"https:\/\/institutlactic.cat\/es\/wp-json\/wp\/v2\/pages\/1170","targetHints":{"allow":["GET"]}}],"collection":[{"href":"https:\/\/institutlactic.cat\/es\/wp-json\/wp\/v2\/pages"}],"about":[{"href":"https:\/\/institutlactic.cat\/es\/wp-json\/wp\/v2\/types\/page"}],"author":[{"embeddable":true,"href":"https:\/\/institutlactic.cat\/es\/wp-json\/wp\/v2\/users\/4"}],"replies":[{"embeddable":true,"href":"https:\/\/institutlactic.cat\/es\/wp-json\/wp\/v2\/comments?post=1170"}],"version-history":[{"count":7,"href":"https:\/\/institutlactic.cat\/es\/wp-json\/wp\/v2\/pages\/1170\/revisions"}],"predecessor-version":[{"id":1373,"href":"https:\/\/institutlactic.cat\/es\/wp-json\/wp\/v2\/pages\/1170\/revisions\/1373"}],"wp:featuredmedia":[{"embeddable":true,"href":"https:\/\/institutlactic.cat\/es\/wp-json\/wp\/v2\/media\/1084"}],"wp:attachment":[{"href":"https:\/\/institutlactic.cat\/es\/wp-json\/wp\/v2\/media?parent=1170"}],"curies":[{"name":"wp","href":"https:\/\/api.w.org\/{rel}","templated":true}]}}